
{"id":11845,"date":"2021-05-07T11:01:58","date_gmt":"2021-05-07T09:01:58","guid":{"rendered":"https:\/\/hurtownia.komandor.pl\/lodzkie\/?post_type=product&#038;p=11845"},"modified":"2021-05-07T11:01:58","modified_gmt":"2021-05-07T09:01:58","slug":"polka-na-buty-600x500x190mm-chromowany","status":"publish","type":"product","link":"https:\/\/hurtownia.komandor.pl\/lodzkie\/produkt\/polka-na-buty-600x500x190mm-chromowany\/","title":{"rendered":"P\u00f3\u0142ka na buty 600x500x190mm, Chromowany"},"content":{"rendered":"<p>Wymiar: 600x500x190mm<\/p>\n<p>Indeks: 53-43652CR<\/p>\n<p>Produkt do przechowywania obuwia (pomie\u015bci minimum 4 pary but\u00f3w). Podobnie jak reszta akcesori\u00f3w z tej serii posiada mo\u017cliwo\u015b\u0107 pe\u0142nego wysuwu, kt\u00f3ry u\u0142atwia u\u017cytkownikowi dost\u0119p do ka\u017cdej pary obuwia. Produkt podobnie jak reszta akcesori\u00f3w z tej serii wyr\u00f3\u017cnia si\u0119 przemy\u015blanym i dopracowanym wzornictwem, a tak\u017ce wysok\u0105 jako\u015bci\u0105 wykonania. Mechanizmy jezdne oparte s\u0105 na prowadnicach kulkowych z tzw. soft closing, dlatego akcesoria poruszaj\u0105 si\u0119 p\u0142ynnie, a ich domykanie nie powoduje ha\u0142asu.<\/p>\n","protected":false},"featured_media":11846,"template":"","tags":[],"product-category":[683,687],"_links":{"self":[{"href":"https:\/\/hurtownia.komandor.pl\/lodzkie\/wp-json\/wp\/v2\/product\/11845"}],"collection":[{"href":"https:\/\/hurtownia.komandor.pl\/lodzkie\/wp-json\/wp\/v2\/product"}],"about":[{"href":"https:\/\/hurtownia.komandor.pl\/lodzkie\/wp-json\/wp\/v2\/types\/product"}],"wp:featuredmedia":[{"embeddable":true,"href":"https:\/\/hurtownia.komandor.pl\/lodzkie\/wp-json\/wp\/v2\/media\/11846"}],"wp:attachment":[{"href":"https:\/\/hurtownia.komandor.pl\/lodzkie\/wp-json\/wp\/v2\/media?parent=11845"}],"wp:term":[{"taxonomy":"post_tag","embeddable":true,"href":"https:\/\/hurtownia.komandor.pl\/lodzkie\/wp-json\/wp\/v2\/tags?post=11845"},{"taxonomy":"product-category","embeddable":true,"href":"https:\/\/hurtownia.komandor.pl\/lodzkie\/wp-json\/wp\/v2\/product-category?post=11845"}],"curies":[{"name":"wp","href":"https:\/\/api.w.org\/{rel}","templated":true}]}}