
{"id":11897,"date":"2021-05-07T13:16:44","date_gmt":"2021-05-07T11:16:44","guid":{"rendered":"https:\/\/hurtownia.komandor.pl\/lodzkie\/?post_type=product&#038;p=11897"},"modified":"2021-05-07T13:16:44","modified_gmt":"2021-05-07T11:16:44","slug":"polka-druciana-1000x350mm-bialy","status":"publish","type":"product","link":"https:\/\/hurtownia.komandor.pl\/lodzkie\/produkt\/polka-druciana-1000x350mm-bialy\/","title":{"rendered":"P\u00f3\u0142ka druciana 1000x350mm, Bia\u0142y"},"content":{"rendered":"<p>Indeks: 53-24100BI<\/p>\n<p>Wymiar: 1000x350mm<\/p>\n","protected":false},"featured_media":11895,"template":"","tags":[],"product-category":[686,692],"_links":{"self":[{"href":"https:\/\/hurtownia.komandor.pl\/lodzkie\/wp-json\/wp\/v2\/product\/11897"}],"collection":[{"href":"https:\/\/hurtownia.komandor.pl\/lodzkie\/wp-json\/wp\/v2\/product"}],"about":[{"href":"https:\/\/hurtownia.komandor.pl\/lodzkie\/wp-json\/wp\/v2\/types\/product"}],"wp:featuredmedia":[{"embeddable":true,"href":"https:\/\/hurtownia.komandor.pl\/lodzkie\/wp-json\/wp\/v2\/media\/11895"}],"wp:attachment":[{"href":"https:\/\/hurtownia.komandor.pl\/lodzkie\/wp-json\/wp\/v2\/media?parent=11897"}],"wp:term":[{"taxonomy":"post_tag","embeddable":true,"href":"https:\/\/hurtownia.komandor.pl\/lodzkie\/wp-json\/wp\/v2\/tags?post=11897"},{"taxonomy":"product-category","embeddable":true,"href":"https:\/\/hurtownia.komandor.pl\/lodzkie\/wp-json\/wp\/v2\/product-category?post=11897"}],"curies":[{"name":"wp","href":"https:\/\/api.w.org\/{rel}","templated":true}]}}