
{"id":6691,"date":"2018-04-03T12:59:54","date_gmt":"2018-04-03T10:59:54","guid":{"rendered":"http:\/\/hurtownia.komandor.slask.pl\/?page_id=6691"},"modified":"2021-04-27T14:38:11","modified_gmt":"2021-04-27T12:38:11","slug":"aluminiowe-opal","status":"publish","type":"page","link":"https:\/\/hurtownia.komandor.pl\/mazowieckie\/aluminiowe-opal\/","title":{"rendered":"Fronty szklane w ramkach aluminiowych OPAL"},"content":{"rendered":"<p><img loading=\"lazy\" class=\"alignleft wp-image-6753 size-large\" src=\"https:\/\/hurtownia.komandor.pl\/mazowieckie\/wp-content\/uploads\/2018\/04\/Fronty-Opal-1024x575.jpg\" alt=\"Fronty szklane marki OPAL - realizacja KOMANDOR\" width=\"800\" height=\"449\" \/><\/p>\n<p style=\"text-align: left;\">System profili Opal do drzwi uchylnych to propozycja firmy Komandor w kreowaniu ciekawych i funkcjonalnych drzwi uchylnych w r\u00f3\u017cnych wymiarach. Drzwi wykonane w profilu Opal mog\u0105 mie\u0107 zastosowanie w garderobach, szafkach kuchennych, komodach czy te\u017c innych meblach na wymiar, w kt\u00f3rych jako surowiec na front chcemy wykorzysta\u0107 szk\u0142o. Dzi\u0119ki szerokiej gamie kszta\u0142t\u00f3w profilu Opal, drzwi uchylne wykonane w tym systemie mo\u017cna idealnie dopasowa\u0107 do ka\u017cdego stylu pomieszcze\u0144 od minimalistycznych a\u017c po nowoczesne. Prosty i designerski kszta\u0142t ramek oraz ich nowoczesna kolorystyka dodadz\u0105 zar\u00f3wno wn\u0119trzom, jak i meblom wyrafinowanego i eleganckiego wygl\u0105du. Meble z drzwiami uchylnymi w ramkach Opal b\u0119d\u0105 ozdob\u0105 niejednej garderoby, witryny czy biblioteczki.<\/p>\n<h3>Profile Opal w ofercie Hurtowni Komandor<\/h3>\n<hr \/>\n<p style=\"text-align: left;\">W naszej ofercie mamy 9 wzor\u00f3w profili Opal, w tym jeden wyst\u0119puj\u0105cy w czterech kolorach. Wszystkie profile s\u0105 przystosowane do wype\u0142nie\u0144 ze szk\u0142a o grubo\u015bci 4mm.<\/p>\n<p><img loading=\"lazy\" class=\"alignnone wp-image-6785 size-large\" src=\"https:\/\/hurtownia.komandor.pl\/mazowieckie\/wp-content\/uploads\/2018\/04\/Opale-1024x686.jpg\" alt=\"Fronty szklane OPAL - dost\u0119pne wersje\" width=\"800\" height=\"536\" \/><\/p>\n<hr \/>\n<p style=\"text-align: left;\">\n","protected":false},"excerpt":{"rendered":"<p><img loading=\"lazy\" class=\"alignleft wp-image-6753 size-large\" src=\"https:\/\/hurtownia.komandor.pl\/mazowieckie\/wp-content\/uploads\/2018\/04\/Fronty-Opal-1024x575.jpg\" alt=\"Fronty szklane marki OPAL - realizacja KOMANDOR\" width=\"800\" height=\"449\" \/><\/p>\n<p style=\"text-align: left;\">System profili Opal do drzwi uchylnych to propozycja firmy Komandor w kreowaniu ciekawych i funkcjonalnych drzwi uchylnych w r\u00f3\u017cnych wymiarach. Drzwi wykonane w profilu Opal mog\u0105 mie\u0107 zastosowanie w garderobach, szafkach kuchennych, komodach czy te\u017c innych meblach na wymiar, w kt\u00f3rych jako surowiec na front chcemy wykorzysta\u0107 szk\u0142o. Dzi\u0119ki szerokiej gamie kszta\u0142t\u00f3w profilu Opal, drzwi uchylne wykonane w tym systemie mo\u017cna idealnie dopasowa\u0107 do ka\u017cdego stylu pomieszcze\u0144 od minimalistycznych a\u017c po nowoczesne.<\/p>\n","protected":false},"author":3,"featured_media":0,"parent":0,"menu_order":0,"comment_status":"closed","ping_status":"closed","template":"","meta":[],"_links":{"self":[{"href":"https:\/\/hurtownia.komandor.pl\/mazowieckie\/wp-json\/wp\/v2\/pages\/6691"}],"collection":[{"href":"https:\/\/hurtownia.komandor.pl\/mazowieckie\/wp-json\/wp\/v2\/pages"}],"about":[{"href":"https:\/\/hurtownia.komandor.pl\/mazowieckie\/wp-json\/wp\/v2\/types\/page"}],"author":[{"embeddable":true,"href":"https:\/\/hurtownia.komandor.pl\/mazowieckie\/wp-json\/wp\/v2\/users\/3"}],"replies":[{"embeddable":true,"href":"https:\/\/hurtownia.komandor.pl\/mazowieckie\/wp-json\/wp\/v2\/comments?post=6691"}],"version-history":[{"count":23,"href":"https:\/\/hurtownia.komandor.pl\/mazowieckie\/wp-json\/wp\/v2\/pages\/6691\/revisions"}],"predecessor-version":[{"id":11583,"href":"https:\/\/hurtownia.komandor.pl\/mazowieckie\/wp-json\/wp\/v2\/pages\/6691\/revisions\/11583"}],"wp:attachment":[{"href":"https:\/\/hurtownia.komandor.pl\/mazowieckie\/wp-json\/wp\/v2\/media?parent=6691"}],"curies":[{"name":"wp","href":"https:\/\/api.w.org\/{rel}","templated":true}]}}