
{"id":6695,"date":"2018-04-03T13:04:08","date_gmt":"2018-04-03T11:04:08","guid":{"rendered":"http:\/\/hurtownia.komandor.slask.pl\/?page_id=6695"},"modified":"2022-04-26T10:25:43","modified_gmt":"2022-04-26T08:25:43","slug":"fronty-akrylowe","status":"publish","type":"page","link":"https:\/\/hurtownia.komandor.pl\/mazowieckie\/fronty-akrylowe\/","title":{"rendered":"Fronty akrylowe"},"content":{"rendered":"<p><img loading=\"lazy\" class=\"aligncenter wp-image-6788 size-large\" src=\"https:\/\/hurtownia.komandor.pl\/mazowieckie\/wp-content\/uploads\/2018\/04\/Fronty-akrylowe-1024x683.jpg\" alt=\"Kuchnia z frontami akrylowymi\" width=\"800\" height=\"534\" \/><\/p>\n<p>W ofercie <strong>Hurtowni Komandor<\/strong> znajd\u0105 Pa\u0144stwo fronty akrylowe firmy Aquafront.<\/p>\n<p>Wycen\u0119 i zamawianie formatek firmy Aquafront prowadzimy on-line. Z ofert\u0105 kolorystyczn\u0105 mo\u017cna zapozna\u0107 si\u0119 na stronie: <a href=\"https:\/\/aquafront.eu\/kolekcja.html\">https:\/\/aquafront.eu\/kolekcja.html<\/a><\/p>\n<p>W celu sk\u0142adania zam\u00f3wie\u0144 prosimy o zapoznanie si\u0119 z instrukcj\u0105 do platformy <strong>aqua e-system <\/strong><a href=\"https:\/\/aquafrontesystem.erozkroje.pl\/data\/doc\/Help.pdf\">https:\/\/aquafrontesystem.erozkroje.pl\/data\/doc\/Help.pdf<\/a> i za\u0142o\u017cenie konto do realizacji zam\u00f3wie\u0144: <strong><a href=\"https:\/\/aquafrontesystem.erozkroje.pl\/\">https:\/\/aquafrontesystem.erozkroje.pl\/<\/a><\/strong><\/p>\n<p>Po za\u0142o\u017ceniu konta prosimy o kontakt w celu jego akceptacji.<\/p>\n<h3>Wykorzystywana technologia<\/h3>\n<p>Firma Aquafront koncentruj\u0105c si\u0119 na produkcji frontu meblowego solidnego i niezawodnego na d\u0142ugie lata, z mo\u017cliwo\u015bci\u0105 zastosowania w wymagaj\u0105cym \u015brodowisku kuchennym czy \u0142azienkowym \u2013 stworzy\u0142a fronty akrylowe AQUAAKRYL.<\/p>\n<p>Maj\u0105c na uwadze powy\u017csze, przeanalizowali dost\u0119pne technologie \u0142\u0105czenia obrze\u017ca z p\u0142yt\u0105 akrylow\u0105 (m.in. EVA \u2013 kleje lub laser &#8211; wtapianie obrze\u017cy) i wykonali szereg test\u00f3w produkcyjnych i wytrzyma\u0142o\u015bciowych*. Pewno\u015b\u0107 jako\u015bci i gwarancji produktu osi\u0105gn\u0119li ostatecznie jedynie poprzez technologi\u0119 \u0142\u0105czenia klejami poliuretanowymi (PUR). Cechuj\u0105 si\u0119 one wysok\u0105 wytrzyma\u0142o\u015bci\u0105 na du\u017ce zmiany temperatury, tworz\u0105c szczelne spoiny duroplastyczne. Spoiny te jednocze\u015bnie w warunkach podwy\u017cszonej wilgotno\u015bci dodatkowo si\u0119 utwardzaj\u0105. Zastosowana za\u015b na lewej stronie mata polistyrenowa (HIPS) wzmacnia jeszcze bezpiecze\u0144stwo produktu na wilgo\u0107 i stanowi doskona\u0142\u0105 si\u0142\u0119 przeciwpr\u0119\u017cn\u0105 dla maty akrylowej.<\/p>\n<p>To da\u0142o pe\u0142ne przekonanie, \u017ce ten produkt doskonale sprawdzi si\u0119 w ekstremalnych warunkach, na co nara\u017cony jest cho\u0107by w trakcie transportu kontenerowego o zasi\u0119gu globalnym.<br \/>\nW konsekwencji \u0142\u0105czenia p\u0142yty akrylowej z obrze\u017cem technologi\u0105 klej\u00f3w poliuretanowych w po\u0142\u0105czeniu z wzorcow\u0105 obr\u00f3bk\u0105 ka\u017cdego frontu \u2013 stworzyli pewno\u015b\u0107 i komfort d\u0142ugoletniej trwa\u0142o\u015bci szerokiej gamy produkt\u00f3w AQUAAKRYL.<\/p>\n<hr \/>\n<h4><strong>Aquaakryl GRAND<\/strong><\/h4>\n<ul>\n<li>Fronty w po\u0142ysku z niewidoczn\u0105 spoin\u0105 klejow\u0105. Pokryte s\u0105 utwardzon\u0105 mat\u0105 akrylow\u0105, co zwi\u0119ksza odporno\u015b\u0107 na zarysowania, a powierzchnia nie wymaga procesu utwardzania. Produkty posiadaj\u0105 pow\u0142ok\u0119 antybakteryjn\u0105 Antibac. Akryl w swojej strukturze posiada jony srebra, kt\u00f3re s\u0105 w stanie blokowa\u0107 aktywno\u015b\u0107 bakterii. W konsekwencji prowadzi to do ca\u0142kowitego wygini\u0119cia wszelkich drobnoustroj\u00f3w znajduj\u0105cych si\u0119 na naszych meblach.<\/li>\n<\/ul>\n<h4><strong>Aquaakryl SZK\u0141O<\/strong><\/h4>\n<ul>\n<li>Fronty w po\u0142ysku lub macie, z przezroczyst\u0105 mat\u0105 akrylow\u0105 o grubo\u015bci 1,8 mm &#8211; daj\u0105c\u0105 efekt szk\u0142a &#8211; oraz przeciwpr\u0119\u017cnym laminatem na lewej stronie o grubo\u015bci 1,3 mm. Powierzchnia frontu ma podwy\u017cszon\u0105 odporno\u015b\u0107 na zarysowania i nie wymaga procesu utwardzania. Produkt klasy PREMIUM.Opcje front\u00f3w: akryl jedno- lub dwustronnie<\/li>\n<\/ul>\n<h4><strong>Aquaakryl SZK\u0141O DEKOR<\/strong><\/h4>\n<ul>\n<li>Fronty w po\u0142ysku z przezroczyst\u0105 mat\u0105 akrylow\u0105 o grubo\u015bci 1,8 mm, daj\u0105c\u0105 efekt dekoru za szk\u0142em, oraz przeciwpr\u0119\u017cnym laminatem na lewej stronie o grubo\u015bci 1,3 mm. Powierzchnia frontu ma podwy\u017cszon\u0105 odporno\u015b\u0107 na zarysowania i nie wymaga procesu utwardzania. Produkt klasy PREMIUM.Opcje front\u00f3w: akryl jedno- lub dwustronnie<\/li>\n<\/ul>\n<h4><strong>Aquaakryl STANDARD<\/strong><\/h4>\n<ul>\n<li>Fronty pokryte mat\u0105 akrylow\u0105 o grubo\u015bci od 0,7 do 0,8 mm. Powierzchnia wymaga siedmiodniowego procesu utwardzenia lub zastosowania mleczka Superpolish.Opcje front\u00f3w: akryl jedno- lub dwustronnie<\/li>\n<\/ul>\n<p><strong><span style=\"font-size: 20px;\">Aquaakryl ULTRA<\/span><\/strong><\/p>\n<ul>\n<li>Fronty dost\u0119pne w wysokim po\u0142ysku lub w g\u0142\u0119bokim macie. Pokryte s\u0105 utwardzon\u0105 mat\u0105 akrylow\u0105, co zwi\u0119ksza odporno\u015b\u0107 na zarysowania, a powierzchnia nie wymaga procesu utwardzania. Wybrane kolory matowe posiadaj\u0105 pow\u0142ok\u0119 Anty-Fingerprint, dzi\u0119ki czemu w mniejszym stopniu absorbuj\u0105 zabrudzenia, odciski palc\u00f3w i \u0142atwiej utrzyma\u0107 je w czysto\u015bci. Natomiast zastosowana pow\u0142oka Antibac skutecznie blokuje aktywno\u015b\u0107 bakterii. Grubo\u015b\u0107 maty od 0,5 do 0,8 mm.Opcje front\u00f3w: akryl jedno- lub dwustronnie<\/li>\n<\/ul>\n<h4><strong>Aquaakryl 3D<\/strong><\/h4>\n<ul>\n<li>Fronty dost\u0119pne wy\u0142\u0105cznie w wersji matowej. S\u0105 to fronty strukturalne z powierzchni\u0105 o gr. od 1 do 2 mm.<br \/>\nNie wymagaj\u0105 procesu utwardzania.Opcje front\u00f3w: akryl jedno- lub dwustronnie<\/li>\n<\/ul>\n<hr \/>\n<h4>Wp\u0142yw na \u015brodowisko<\/h4>\n<ul>\n<li>Meblowe p\u0142yty pokryte powierzchni\u0105 akrylow\u0105 nie zawieraj\u0105 metali ci\u0119\u017ckich, stabilizator\u00f3w cynoorganicznych ani \u015brodk\u00f3w rakotw\u00f3rczych. Podlegaj\u0105 recyclingowi, nie stanowi\u0105 wi\u0119c zagro\u017cenia dla \u015brodowiska naturalnego.<\/li>\n<\/ul>\n<hr \/>\n<h4>Jak czy\u015bci\u0107 i piel\u0119gnowa\u0107 fronty akrylowe?<\/h4>\n<div class=\"col-md-5 col-md-offset-1 col-sm-6 mb40 mb-xs-24\">\n<p>1. P\u0142yty i fronty dostarczane s\u0105 zawsze z foli\u0105 ochronn\u0105 (wyj\u0105tek stanowi\u0105 fronty Aquaakryl ultra 3D). Pozwala to unikn\u0105\u0107 uszkodze\u0144 powierzchni w transporcie, jak r\u00f3wnie\u017c w trakcie prac monta\u017cowych. Foli\u0119 ochronn\u0105 z frontu usuwamy dopiero po jego zamontowaniu oraz po wszystkich wykonanych pracach remontowych pomieszczenia. Tak, aby nie by\u0142o nadmiernego w nich py\u0142u i kurzu. Po usuni\u0119ciu folii ochronnej unosz\u0105ce si\u0119 w pomieszczeniu zanieczyszczenia mog\u0105 osi\u0105\u015b\u0107 na powierzchni frontu i podczas jego piel\u0119gnacji spowodowa\u0107 \u201emikrorysy\u201d.<\/p>\n<p>2. W grupie produkt\u00f3w Aquaakryl Standard po usuni\u0119ciu folii ochronnej front meblowy poddaje si\u0119 procesowi sezonowania przez okres ok. 7 dni (w tym okresie powierzchnia frontu jest jeszcze mi\u0119kka i \u0142atwo daje si\u0119 zarysowa\u0107).<br \/>\nW wyniku wilgoci, higroskopijna warstwa akrylu utwardza si\u0119, przez co front meblowy staje si\u0119 odporniejszy na zarysowania. Proces ten w grupie produkt\u00f3w Aquaakryl Standard mo\u017cemy przyspieszy\u0107 do 24 godzin, stosuj\u0105c bezpo\u015brednio po usuni\u0119ciu folii ochronnej Mleczko SUPERPOLISH<\/p>\n<p>3. Klient decyduj\u0105cy si\u0119 na produkty z grupy Aquaakryl Ultra, otrzymuje produkt z fabrycznie utwardzon\u0105 mat\u0105 akrylow\u0105 i stosowanie si\u0119 do punktu 2. nie jest wymagane. Do okresowej konserwacji oraz odpowiedniej piel\u0119gnacji i czyszczenia front\u00f3w zaleca si\u0119 jednak zastosowanie odpowiednich \u015brodk\u00f3w chemicznych, o kt\u00f3rych mowa w Art. 2, pkt. 8 (zob. &#8220;Zasady prawid\u0142owego u\u017cytkowania i piel\u0119gnacji front\u00f3w Aquaakryl&#8221;).<\/p>\n<\/div>\n<div class=\"col-md-5 col-sm-6 mb40 mb-xs-24\">\n<p>4. Fronty akrylowe, podobnie jak fronty lakierowane, przy nieostro\u017cnym u\u017cytkowaniu lub niew\u0142a\u015bciwej piel\u0119gnacji daj\u0105 si\u0119 zarysowa\u0107. Producent nie ponosi jednak odpowiedzialno\u015bci za nieodpowiednio dobrane \u015brodki polerskie u\u017cyte celem usuni\u0119cia mikrorys.<\/p>\n<p>5. W kolorach metalicznych (oraz dodatkowo w kolorach 1679, 1680, M1679, M1680) wyst\u0119puje kierunkowo\u015b\u0107 kolor\u00f3w (strza\u0142ki na foli ochronnej). Fronty nale\u017cy montowa\u0107 ze strza\u0142kami zwr\u00f3conymi w jedn\u0105 stron\u0119.<\/p>\n<p>6. Producent dostarcza fronty w odpowiednio zabezpieczonych paczkach tak, aby zminimalizowa\u0107 ryzyko ich uszkodzenia w trakcie transportu. Do otwierania opakowa\u0144 nie nale\u017cy u\u017cywa\u0107 ostrych narz\u0119dzi, a w szczeg\u00f3lno\u015bci no\u017cy, kt\u00f3re mog\u0142yby uszkodzi\u0107 ich zawarto\u015b\u0107.<\/p>\n<p>7. Fronty powinny by\u0107 w\u0142a\u015bciwie zamontowane przy u\u017cyciu odpowiedniej liczby zawias\u00f3w lub oku\u0107 napinaj\u0105cych &#8211; stabilizuj\u0105cych i u\u017cywane zgodnie z ich przeznaczeniem.<\/p>\n<p>8. Do czyszczenia, piel\u0119gnacji i konserwacji front\u00f3w Aquaakryl nale\u017cy zawsze u\u017cywa\u0107 czystej mi\u0119kkiej \u015bciereczki z mikrow\u0142\u00f3kna (mikrofibry). Natomiast \u015brodki chemiczne, jakie producent zaleca do tego u\u017cy\u0107, to: roztw\u00f3r wody z myd\u0142em (zawarto\u015b\u0107 myd\u0142a 1%), Mleczko SUPERPOLISH, \u015brodek AQUAAPUR, oraz nasz nowy produkt do front\u00f3w matowych &#8211; AQUAMATT.<\/p>\n<\/div>\n<hr \/>\n<p>&nbsp;<\/p>\n","protected":false},"excerpt":{"rendered":"<p><img loading=\"lazy\" class=\"aligncenter wp-image-6788 size-large\" src=\"https:\/\/hurtownia.komandor.pl\/mazowieckie\/wp-content\/uploads\/2018\/04\/Fronty-akrylowe-1024x683.jpg\" alt=\"Kuchnia z frontami akrylowymi\" width=\"800\" height=\"534\" \/><\/p>\n<p>W ofercie <strong>Hurtowni Komandor<\/strong> znajd\u0105 Pa\u0144stwo fronty akrylowe firmy Aquafront.<\/p>\n<p>Wycen\u0119 i zamawianie formatek firmy Aquafront prowadzimy on-line. Z ofert\u0105 kolorystyczn\u0105 mo\u017cna zapozna\u0107 si\u0119 na stronie: <a href=\"https:\/\/aquafront.eu\/kolekcja.html\">https:\/\/aquafront.eu\/kolekcja.html<\/a><\/p>\n<p>W celu sk\u0142adania zam\u00f3wie\u0144 prosimy o zapoznanie si\u0119 z instrukcj\u0105 do platformy <strong>aqua e-system <\/strong><a href=\"https:\/\/aquafrontesystem.erozkroje.pl\/data\/doc\/Help.pdf\">https:\/\/aquafrontesystem.erozkroje.pl\/data\/doc\/Help.pdf<\/a> i za\u0142o\u017cenie konto do realizacji zam\u00f3wie\u0144: <strong><a href=\"https:\/\/aquafrontesystem.erozkroje.pl\/\">https:\/\/aquafrontesystem.erozkroje.pl\/<\/a><\/strong><\/p>\n<p>Po za\u0142o\u017ceniu konta prosimy o kontakt w celu jego akceptacji.<\/p>\n","protected":false},"author":3,"featured_media":0,"parent":0,"menu_order":0,"comment_status":"closed","ping_status":"closed","template":"","meta":[],"_links":{"self":[{"href":"https:\/\/hurtownia.komandor.pl\/mazowieckie\/wp-json\/wp\/v2\/pages\/6695"}],"collection":[{"href":"https:\/\/hurtownia.komandor.pl\/mazowieckie\/wp-json\/wp\/v2\/pages"}],"about":[{"href":"https:\/\/hurtownia.komandor.pl\/mazowieckie\/wp-json\/wp\/v2\/types\/page"}],"author":[{"embeddable":true,"href":"https:\/\/hurtownia.komandor.pl\/mazowieckie\/wp-json\/wp\/v2\/users\/3"}],"replies":[{"embeddable":true,"href":"https:\/\/hurtownia.komandor.pl\/mazowieckie\/wp-json\/wp\/v2\/comments?post=6695"}],"version-history":[{"count":19,"href":"https:\/\/hurtownia.komandor.pl\/mazowieckie\/wp-json\/wp\/v2\/pages\/6695\/revisions"}],"predecessor-version":[{"id":11607,"href":"https:\/\/hurtownia.komandor.pl\/mazowieckie\/wp-json\/wp\/v2\/pages\/6695\/revisions\/11607"}],"wp:attachment":[{"href":"https:\/\/hurtownia.komandor.pl\/mazowieckie\/wp-json\/wp\/v2\/media?parent=6695"}],"curies":[{"name":"wp","href":"https:\/\/api.w.org\/{rel}","templated":true}]}}