
{"id":11398,"date":"2021-04-15T09:56:13","date_gmt":"2021-04-15T07:56:13","guid":{"rendered":"https:\/\/hurtownia.komandor.pl\/mazowieckie\/produkt\/lacobel-ref1164-zielen-lsniaca\/"},"modified":"2021-04-28T11:19:50","modified_gmt":"2021-04-28T09:19:50","slug":"lacobel-ref1164-zielen-lsniaca","status":"publish","type":"product","link":"https:\/\/hurtownia.komandor.pl\/mazowieckie\/produkt\/lacobel-ref1164-zielen-lsniaca\/","title":{"rendered":"Lacobel REF1164 Ziele\u0144 L\u015bni\u0105ca"},"content":{"rendered":"<p>Szk\u0142o lakierowane Lacobel o wymiarach: 2550x1605mm<\/p>\n<p>Grubo\u015b\u0107: 4mm<\/p>\n<p>Lacobel to szk\u0142o lakierowane farbami ekologicznymi znajduj\u0105cy zastosowanie we wn\u0119trzach jako ok\u0142adziny \u015bcienne, drzwi do szafy, drzwi przesuwne, meble, itp.<\/p>\n<p>Szk\u0142o Lacobel inspiruje projektant\u00f3w, kt\u00f3rzy wykorzystuj\u0105 ten materia\u0142 w innowacyjny spos\u00f3b, tworz\u0105c nowoczesne wn\u0119trza z nieograniczonymi mo\u017cliwo\u015bciami zastosowa\u0144 w po\u0142\u0105czeniu z innymi materia\u0142ami, takimi jak drewno, stal, kamie\u0144, itp.<\/p>\n","protected":false},"featured_media":11397,"template":"","tags":[],"product-category":[],"_links":{"self":[{"href":"https:\/\/hurtownia.komandor.pl\/mazowieckie\/wp-json\/wp\/v2\/product\/11398"}],"collection":[{"href":"https:\/\/hurtownia.komandor.pl\/mazowieckie\/wp-json\/wp\/v2\/product"}],"about":[{"href":"https:\/\/hurtownia.komandor.pl\/mazowieckie\/wp-json\/wp\/v2\/types\/product"}],"wp:featuredmedia":[{"embeddable":true,"href":"https:\/\/hurtownia.komandor.pl\/mazowieckie\/wp-json\/wp\/v2\/media\/11397"}],"wp:attachment":[{"href":"https:\/\/hurtownia.komandor.pl\/mazowieckie\/wp-json\/wp\/v2\/media?parent=11398"}],"wp:term":[{"taxonomy":"post_tag","embeddable":true,"href":"https:\/\/hurtownia.komandor.pl\/mazowieckie\/wp-json\/wp\/v2\/tags?post=11398"},{"taxonomy":"product-category","embeddable":true,"href":"https:\/\/hurtownia.komandor.pl\/mazowieckie\/wp-json\/wp\/v2\/product-category?post=11398"}],"curies":[{"name":"wp","href":"https:\/\/api.w.org\/{rel}","templated":true}]}}