
{"id":11425,"date":"2021-04-15T10:27:41","date_gmt":"2021-04-15T08:27:41","guid":{"rendered":"https:\/\/hurtownia.komandor.pl\/mazowieckie\/produkt\/matelac-ref-7016-prawdziwy-antracyt\/"},"modified":"2021-04-28T11:14:47","modified_gmt":"2021-04-28T09:14:47","slug":"matelac-ref-7016-prawdziwy-antracyt","status":"publish","type":"product","link":"https:\/\/hurtownia.komandor.pl\/mazowieckie\/produkt\/matelac-ref-7016-prawdziwy-antracyt\/","title":{"rendered":"Matelac REF 7016 Prawdziwy Antracyt"},"content":{"rendered":"<p>Szk\u0142o lakierowane Matelac o wymiarach: 2550x1605mm<\/p>\n<p>Grubo\u015b\u0107: 4mm<\/p>\n<p>Matelac to szk\u0142o lakierowane satynowane, kt\u00f3re \u0142\u0105czy w sobie dwie linie szk\u0142a. Z jednej strony bezbarwne, pokryte warstw\u0105 lakieru wysokiej jako\u015bci, z drugiej natomiast \u2013 trawione kwasem.<\/p>\n<p>Matelac powstaje on poprzez poddanie szk\u0142a float podw\u00f3jnej obr\u00f3bce: procesowi trawienia chemicznego z jednej strony tafli i lakierowania\u00a0z drugiej. Otrzymujemy w ten spos\u00f3b barwne szk\u0142o o jedwabistym, eleganckim wyko\u0144czeniu.<\/p>\n","protected":false},"featured_media":11424,"template":"","tags":[],"product-category":[],"_links":{"self":[{"href":"https:\/\/hurtownia.komandor.pl\/mazowieckie\/wp-json\/wp\/v2\/product\/11425"}],"collection":[{"href":"https:\/\/hurtownia.komandor.pl\/mazowieckie\/wp-json\/wp\/v2\/product"}],"about":[{"href":"https:\/\/hurtownia.komandor.pl\/mazowieckie\/wp-json\/wp\/v2\/types\/product"}],"wp:featuredmedia":[{"embeddable":true,"href":"https:\/\/hurtownia.komandor.pl\/mazowieckie\/wp-json\/wp\/v2\/media\/11424"}],"wp:attachment":[{"href":"https:\/\/hurtownia.komandor.pl\/mazowieckie\/wp-json\/wp\/v2\/media?parent=11425"}],"wp:term":[{"taxonomy":"post_tag","embeddable":true,"href":"https:\/\/hurtownia.komandor.pl\/mazowieckie\/wp-json\/wp\/v2\/tags?post=11425"},{"taxonomy":"product-category","embeddable":true,"href":"https:\/\/hurtownia.komandor.pl\/mazowieckie\/wp-json\/wp\/v2\/product-category?post=11425"}],"curies":[{"name":"wp","href":"https:\/\/api.w.org\/{rel}","templated":true}]}}