
{"id":11429,"date":"2021-04-15T10:23:18","date_gmt":"2021-04-15T08:23:18","guid":{"rendered":"https:\/\/hurtownia.komandor.pl\/mazowieckie\/produkt\/matelac-srebrny-braz\/"},"modified":"2021-04-28T11:15:01","modified_gmt":"2021-04-28T09:15:01","slug":"matelac-srebrny-braz","status":"publish","type":"product","link":"https:\/\/hurtownia.komandor.pl\/mazowieckie\/produkt\/matelac-srebrny-braz\/","title":{"rendered":"Matelac Srebrny Br\u0105z"},"content":{"rendered":"<p>Szk\u0142o lakierowane Matelac o wymiarach: 2550x1605mm<\/p>\n<p>Grubo\u015b\u0107: 4mm<\/p>\n<p>Matelac to szk\u0142o lakierowane satynowane, kt\u00f3re \u0142\u0105czy w sobie dwie linie szk\u0142a. Z jednej strony bezbarwne, pokryte warstw\u0105 lakieru wysokiej jako\u015bci, z drugiej natomiast \u2013 trawione kwasem.<\/p>\n<p>Matelac powstaje on poprzez poddanie szk\u0142a float podw\u00f3jnej obr\u00f3bce: procesowi trawienia chemicznego z jednej strony tafli i posrebrzania z drugiej. Otrzymujemy w ten spos\u00f3b barwne szk\u0142o o jedwabistym, eleganckim wyko\u0144czeniu.<\/p>\n","protected":false},"featured_media":11428,"template":"","tags":[],"product-category":[],"_links":{"self":[{"href":"https:\/\/hurtownia.komandor.pl\/mazowieckie\/wp-json\/wp\/v2\/product\/11429"}],"collection":[{"href":"https:\/\/hurtownia.komandor.pl\/mazowieckie\/wp-json\/wp\/v2\/product"}],"about":[{"href":"https:\/\/hurtownia.komandor.pl\/mazowieckie\/wp-json\/wp\/v2\/types\/product"}],"wp:featuredmedia":[{"embeddable":true,"href":"https:\/\/hurtownia.komandor.pl\/mazowieckie\/wp-json\/wp\/v2\/media\/11428"}],"wp:attachment":[{"href":"https:\/\/hurtownia.komandor.pl\/mazowieckie\/wp-json\/wp\/v2\/media?parent=11429"}],"wp:term":[{"taxonomy":"post_tag","embeddable":true,"href":"https:\/\/hurtownia.komandor.pl\/mazowieckie\/wp-json\/wp\/v2\/tags?post=11429"},{"taxonomy":"product-category","embeddable":true,"href":"https:\/\/hurtownia.komandor.pl\/mazowieckie\/wp-json\/wp\/v2\/product-category?post=11429"}],"curies":[{"name":"wp","href":"https:\/\/api.w.org\/{rel}","templated":true}]}}