
{"id":11445,"date":"2021-04-13T13:37:44","date_gmt":"2021-04-13T11:37:44","guid":{"rendered":"https:\/\/hurtownia.komandor.pl\/mazowieckie\/produkt\/plyta-swisskrono-d2610-mx-dab-palermo-ciemny\/"},"modified":"2021-04-16T14:00:08","modified_gmt":"2021-04-16T12:00:08","slug":"plyta-swisskrono-d2610-mx-dab-palermo-ciemny","status":"publish","type":"product","link":"https:\/\/hurtownia.komandor.pl\/mazowieckie\/produkt\/plyta-swisskrono-d2610-mx-dab-palermo-ciemny\/","title":{"rendered":"P\u0142yta SwissKrono D2610 MX D\u0105b Palermo ciemny"},"content":{"rendered":"<p>P\u0142yta wi\u00f3rowa melaminowana o wymiarach 2800x2070mm<\/p>\n<p><strong>Dost\u0119pne grubo\u015bci:<\/strong> 10mm, 18mm<\/p>\n<p><strong>Struktura:<\/strong> MX<\/p>\n<p><strong>Producent:<\/strong> SwissKrono<\/p>\n","protected":false},"featured_media":11444,"template":"","tags":[518,519,610],"product-category":[629],"_links":{"self":[{"href":"https:\/\/hurtownia.komandor.pl\/mazowieckie\/wp-json\/wp\/v2\/product\/11445"}],"collection":[{"href":"https:\/\/hurtownia.komandor.pl\/mazowieckie\/wp-json\/wp\/v2\/product"}],"about":[{"href":"https:\/\/hurtownia.komandor.pl\/mazowieckie\/wp-json\/wp\/v2\/types\/product"}],"wp:featuredmedia":[{"embeddable":true,"href":"https:\/\/hurtownia.komandor.pl\/mazowieckie\/wp-json\/wp\/v2\/media\/11444"}],"wp:attachment":[{"href":"https:\/\/hurtownia.komandor.pl\/mazowieckie\/wp-json\/wp\/v2\/media?parent=11445"}],"wp:term":[{"taxonomy":"post_tag","embeddable":true,"href":"https:\/\/hurtownia.komandor.pl\/mazowieckie\/wp-json\/wp\/v2\/tags?post=11445"},{"taxonomy":"product-category","embeddable":true,"href":"https:\/\/hurtownia.komandor.pl\/mazowieckie\/wp-json\/wp\/v2\/product-category?post=11445"}],"curies":[{"name":"wp","href":"https:\/\/api.w.org\/{rel}","templated":true}]}}