
{"id":11456,"date":"2021-04-13T13:41:25","date_gmt":"2021-04-13T11:41:25","guid":{"rendered":"https:\/\/hurtownia.komandor.pl\/mazowieckie\/produkt\/plyta-swisskrono-d3163-mx-dab-santana\/"},"modified":"2021-04-16T13:59:34","modified_gmt":"2021-04-16T11:59:34","slug":"plyta-swisskrono-d3163-mx-dab-santana","status":"publish","type":"product","link":"https:\/\/hurtownia.komandor.pl\/mazowieckie\/produkt\/plyta-swisskrono-d3163-mx-dab-santana\/","title":{"rendered":"P\u0142yta SwissKrono D3163 MX D\u0105b Santana"},"content":{"rendered":"<p>P\u0142yta wi\u00f3rowa melaminowana o wymiarach 2800x2070mm<\/p>\n<p><strong>Dost\u0119pne grubo\u015bci:<\/strong> 10mm, 18mm<\/p>\n<p><strong>Struktura:<\/strong> MX<\/p>\n<p><strong>Producent:<\/strong> SwissKrono<\/p>\n","protected":false},"featured_media":11455,"template":"","tags":[518,519,610],"product-category":[629],"_links":{"self":[{"href":"https:\/\/hurtownia.komandor.pl\/mazowieckie\/wp-json\/wp\/v2\/product\/11456"}],"collection":[{"href":"https:\/\/hurtownia.komandor.pl\/mazowieckie\/wp-json\/wp\/v2\/product"}],"about":[{"href":"https:\/\/hurtownia.komandor.pl\/mazowieckie\/wp-json\/wp\/v2\/types\/product"}],"wp:featuredmedia":[{"embeddable":true,"href":"https:\/\/hurtownia.komandor.pl\/mazowieckie\/wp-json\/wp\/v2\/media\/11455"}],"wp:attachment":[{"href":"https:\/\/hurtownia.komandor.pl\/mazowieckie\/wp-json\/wp\/v2\/media?parent=11456"}],"wp:term":[{"taxonomy":"post_tag","embeddable":true,"href":"https:\/\/hurtownia.komandor.pl\/mazowieckie\/wp-json\/wp\/v2\/tags?post=11456"},{"taxonomy":"product-category","embeddable":true,"href":"https:\/\/hurtownia.komandor.pl\/mazowieckie\/wp-json\/wp\/v2\/product-category?post=11456"}],"curies":[{"name":"wp","href":"https:\/\/api.w.org\/{rel}","templated":true}]}}