
{"id":11503,"date":"2021-02-04T11:08:30","date_gmt":"2021-02-04T10:08:30","guid":{"rendered":"https:\/\/hurtownia.komandor.pl\/mazowieckie\/produkt\/amortyzator-gazowy\/"},"modified":"2021-02-04T11:08:30","modified_gmt":"2021-02-04T10:08:30","slug":"amortyzator-gazowy","status":"publish","type":"product","link":"https:\/\/hurtownia.komandor.pl\/mazowieckie\/produkt\/amortyzator-gazowy\/","title":{"rendered":"Amortyzator gazowy"},"content":{"rendered":"<ul>\n<li>Podno\u015bnik gazowy umo\u017cliwia g\u0142adkie podnoszenie i opuszczanie drzwiczek typu klapa<\/li>\n<li>Dost\u0119pne r\u00f3\u017cne moce i rodzaje<\/li>\n<li>Zastosowanie: meble kuchenne, pokojowe, biurowe<\/li>\n<li>Wyko\u0144czenie powierzchni zewn\u0119trznej: satyna<\/li>\n<li>Zawarto\u015b\u0107 zestawu: 1 podno\u015bnik, mocowania do front\u00f3w drewnianych i ramek aluminiowych, wkr\u0119ty.<\/li>\n<\/ul>\n<p>&nbsp;<\/p>\n<p>Producent: Demos Trade<\/p>\n","protected":false},"featured_media":10046,"template":"","tags":[],"product-category":[],"_links":{"self":[{"href":"https:\/\/hurtownia.komandor.pl\/mazowieckie\/wp-json\/wp\/v2\/product\/11503"}],"collection":[{"href":"https:\/\/hurtownia.komandor.pl\/mazowieckie\/wp-json\/wp\/v2\/product"}],"about":[{"href":"https:\/\/hurtownia.komandor.pl\/mazowieckie\/wp-json\/wp\/v2\/types\/product"}],"wp:featuredmedia":[{"embeddable":true,"href":"https:\/\/hurtownia.komandor.pl\/mazowieckie\/wp-json\/wp\/v2\/media\/10046"}],"wp:attachment":[{"href":"https:\/\/hurtownia.komandor.pl\/mazowieckie\/wp-json\/wp\/v2\/media?parent=11503"}],"wp:term":[{"taxonomy":"post_tag","embeddable":true,"href":"https:\/\/hurtownia.komandor.pl\/mazowieckie\/wp-json\/wp\/v2\/tags?post=11503"},{"taxonomy":"product-category","embeddable":true,"href":"https:\/\/hurtownia.komandor.pl\/mazowieckie\/wp-json\/wp\/v2\/product-category?post=11503"}],"curies":[{"name":"wp","href":"https:\/\/api.w.org\/{rel}","templated":true}]}}