
{"id":11504,"date":"2021-02-04T11:08:32","date_gmt":"2021-02-04T10:08:32","guid":{"rendered":"https:\/\/hurtownia.komandor.pl\/mazowieckie\/produkt\/konfirmat-6-4x50mm\/"},"modified":"2021-02-04T11:08:32","modified_gmt":"2021-02-04T10:08:32","slug":"konfirmat-6-4x50mm","status":"publish","type":"product","link":"https:\/\/hurtownia.komandor.pl\/mazowieckie\/produkt\/konfirmat-6-4x50mm\/","title":{"rendered":"Konfirmat 6.4x50mm"},"content":{"rendered":"<ul>\n<li>Wkr\u0119t typu konfirmat do p\u0142yt wi\u00f3rowych i drewnianych<\/li>\n<li>P\u0142aski \u0142eb pozwalaj\u0105cy na estetyczne i trwa\u0142e \u0142\u0105czenie oraz na idealne zlicowanie wkr\u0119ta z p\u0142yt\u0105 meblow\u0105<\/li>\n<li>Gniazdo imbusowe u\u0142atwiaj\u0105ce monta\u017c element\u00f3w<\/li>\n<li>T\u0119pe zako\u0144czenie gwintu u\u0142atwiaj\u0105ce prowadzenie w otworze monta\u017cowym oraz pozwalaj\u0105ce na pe\u0142ne wykorzystanie d\u0142ugo\u015bci wkr\u0119ta do wzmocnienia po\u0142\u0105czenia<\/li>\n<li>Sprzedawany w paczkach po 200 szt.<\/li>\n<\/ul>\n<p>&nbsp;<\/p>\n<p>Producent: Klimas Wkr\u0119t-Met<\/p>\n","protected":false},"featured_media":10125,"template":"","tags":[],"product-category":[],"_links":{"self":[{"href":"https:\/\/hurtownia.komandor.pl\/mazowieckie\/wp-json\/wp\/v2\/product\/11504"}],"collection":[{"href":"https:\/\/hurtownia.komandor.pl\/mazowieckie\/wp-json\/wp\/v2\/product"}],"about":[{"href":"https:\/\/hurtownia.komandor.pl\/mazowieckie\/wp-json\/wp\/v2\/types\/product"}],"wp:featuredmedia":[{"embeddable":true,"href":"https:\/\/hurtownia.komandor.pl\/mazowieckie\/wp-json\/wp\/v2\/media\/10125"}],"wp:attachment":[{"href":"https:\/\/hurtownia.komandor.pl\/mazowieckie\/wp-json\/wp\/v2\/media?parent=11504"}],"wp:term":[{"taxonomy":"post_tag","embeddable":true,"href":"https:\/\/hurtownia.komandor.pl\/mazowieckie\/wp-json\/wp\/v2\/tags?post=11504"},{"taxonomy":"product-category","embeddable":true,"href":"https:\/\/hurtownia.komandor.pl\/mazowieckie\/wp-json\/wp\/v2\/product-category?post=11504"}],"curies":[{"name":"wp","href":"https:\/\/api.w.org\/{rel}","templated":true}]}}