
{"id":11505,"date":"2021-02-04T11:08:33","date_gmt":"2021-02-04T10:08:33","guid":{"rendered":"https:\/\/hurtownia.komandor.pl\/mazowieckie\/produkt\/koszulki-kolka\/"},"modified":"2021-04-16T14:50:04","modified_gmt":"2021-04-16T12:50:04","slug":"koszulki-kolka","status":"publish","type":"product","link":"https:\/\/hurtownia.komandor.pl\/mazowieckie\/produkt\/koszulki-kolka\/","title":{"rendered":"Koszulki ko\u0142ka"},"content":{"rendered":"<ul>\n<li>R\u00f3\u017cne rodzaje koszulek ko\u0142k\u00f3w do wyboru<\/li>\n<li>Pierwszy wymiar oznacza \u015brednic\u0119 koszulki ko\u0142ka, drugi ca\u0142kowit\u0105 d\u0142ugo\u015b\u0107<\/li>\n<\/ul>\n<p>&nbsp;<\/p>\n<p>Producent: Klimas Wkr\u0119t-Met<\/p>\n","protected":false},"featured_media":10154,"template":"","tags":[],"product-category":[638],"_links":{"self":[{"href":"https:\/\/hurtownia.komandor.pl\/mazowieckie\/wp-json\/wp\/v2\/product\/11505"}],"collection":[{"href":"https:\/\/hurtownia.komandor.pl\/mazowieckie\/wp-json\/wp\/v2\/product"}],"about":[{"href":"https:\/\/hurtownia.komandor.pl\/mazowieckie\/wp-json\/wp\/v2\/types\/product"}],"wp:featuredmedia":[{"embeddable":true,"href":"https:\/\/hurtownia.komandor.pl\/mazowieckie\/wp-json\/wp\/v2\/media\/10154"}],"wp:attachment":[{"href":"https:\/\/hurtownia.komandor.pl\/mazowieckie\/wp-json\/wp\/v2\/media?parent=11505"}],"wp:term":[{"taxonomy":"post_tag","embeddable":true,"href":"https:\/\/hurtownia.komandor.pl\/mazowieckie\/wp-json\/wp\/v2\/tags?post=11505"},{"taxonomy":"product-category","embeddable":true,"href":"https:\/\/hurtownia.komandor.pl\/mazowieckie\/wp-json\/wp\/v2\/product-category?post=11505"}],"curies":[{"name":"wp","href":"https:\/\/api.w.org\/{rel}","templated":true}]}}