
{"id":11507,"date":"2021-02-04T11:08:31","date_gmt":"2021-02-04T10:08:31","guid":{"rendered":"https:\/\/hurtownia.komandor.pl\/mazowieckie\/produkt\/podporki-pod-polke\/"},"modified":"2021-02-04T11:08:31","modified_gmt":"2021-02-04T10:08:31","slug":"podporki-pod-polke","status":"publish","type":"product","link":"https:\/\/hurtownia.komandor.pl\/mazowieckie\/produkt\/podporki-pod-polke\/","title":{"rendered":"Podp\u00f3rki pod p\u00f3\u0142k\u0119"},"content":{"rendered":"<ul>\n<li>Dwa rodzaje do wyboru: z koszulk\u0105 z tworzywa lub bez<\/li>\n<li>Do monta\u017cu w otworach Fi 5mm<\/li>\n<li>Sprzedawane w opakowaniach po 100 szt.<\/li>\n<\/ul>\n<p>&nbsp;<\/p>\n<p>Producent: Marcopol<\/p>\n","protected":false},"featured_media":10064,"template":"","tags":[],"product-category":[],"_links":{"self":[{"href":"https:\/\/hurtownia.komandor.pl\/mazowieckie\/wp-json\/wp\/v2\/product\/11507"}],"collection":[{"href":"https:\/\/hurtownia.komandor.pl\/mazowieckie\/wp-json\/wp\/v2\/product"}],"about":[{"href":"https:\/\/hurtownia.komandor.pl\/mazowieckie\/wp-json\/wp\/v2\/types\/product"}],"wp:featuredmedia":[{"embeddable":true,"href":"https:\/\/hurtownia.komandor.pl\/mazowieckie\/wp-json\/wp\/v2\/media\/10064"}],"wp:attachment":[{"href":"https:\/\/hurtownia.komandor.pl\/mazowieckie\/wp-json\/wp\/v2\/media?parent=11507"}],"wp:term":[{"taxonomy":"post_tag","embeddable":true,"href":"https:\/\/hurtownia.komandor.pl\/mazowieckie\/wp-json\/wp\/v2\/tags?post=11507"},{"taxonomy":"product-category","embeddable":true,"href":"https:\/\/hurtownia.komandor.pl\/mazowieckie\/wp-json\/wp\/v2\/product-category?post=11507"}],"curies":[{"name":"wp","href":"https:\/\/api.w.org\/{rel}","templated":true}]}}