
{"id":11510,"date":"2021-02-04T11:08:33","date_gmt":"2021-02-04T10:08:33","guid":{"rendered":"https:\/\/hurtownia.komandor.pl\/mazowieckie\/produkt\/prowadnice-quadro-25-stop-control\/"},"modified":"2022-04-26T11:14:47","modified_gmt":"2022-04-26T09:14:47","slug":"prowadnice-quadro-25-stop-control","status":"publish","type":"product","link":"https:\/\/hurtownia.komandor.pl\/mazowieckie\/produkt\/prowadnice-quadro-25-stop-control\/","title":{"rendered":"WYPRZEDA\u017b!   Prowadnice Quadro 25 Stop Control"},"content":{"rendered":"<ul>\n<li>Prowadnice kryte cz\u0119\u015bciowego wysuwu &#8211; Quadro 25 Stop Control<\/li>\n<li>Stop Control &#8211; zintegrowany samodoci\u0105g zapewnia automatyczne domykanie szuflady<\/li>\n<li>Wygodny monta\u017c nasuwany z zatrzaskami i regulacj\u0105 wysoko\u015bci bez u\u017cycia narz\u0119dzi<\/li>\n<li>D\u0142ugo\u015bci do wyboru: 300mm, 350mm, 500mm<\/li>\n<li>Ud\u017awig do 30kg<\/li>\n<li>Materia\u0142: stal ocynkowana, mo\u017cliwo\u015b\u0107 stosowania w pomieszczeniach nara\u017conych na wilgo\u0107<\/li>\n<\/ul>\n<p>&nbsp;<\/p>\n<p>Producent: Hettich<\/p>\n","protected":false},"featured_media":10209,"template":"","tags":[],"product-category":[637],"_links":{"self":[{"href":"https:\/\/hurtownia.komandor.pl\/mazowieckie\/wp-json\/wp\/v2\/product\/11510"}],"collection":[{"href":"https:\/\/hurtownia.komandor.pl\/mazowieckie\/wp-json\/wp\/v2\/product"}],"about":[{"href":"https:\/\/hurtownia.komandor.pl\/mazowieckie\/wp-json\/wp\/v2\/types\/product"}],"wp:featuredmedia":[{"embeddable":true,"href":"https:\/\/hurtownia.komandor.pl\/mazowieckie\/wp-json\/wp\/v2\/media\/10209"}],"wp:attachment":[{"href":"https:\/\/hurtownia.komandor.pl\/mazowieckie\/wp-json\/wp\/v2\/media?parent=11510"}],"wp:term":[{"taxonomy":"post_tag","embeddable":true,"href":"https:\/\/hurtownia.komandor.pl\/mazowieckie\/wp-json\/wp\/v2\/tags?post=11510"},{"taxonomy":"product-category","embeddable":true,"href":"https:\/\/hurtownia.komandor.pl\/mazowieckie\/wp-json\/wp\/v2\/product-category?post=11510"}],"curies":[{"name":"wp","href":"https:\/\/api.w.org\/{rel}","templated":true}]}}