
{"id":11511,"date":"2021-02-04T11:08:33","date_gmt":"2021-02-04T10:08:33","guid":{"rendered":"https:\/\/hurtownia.komandor.pl\/mazowieckie\/produkt\/prowadnice-quadro-v6-push-to-open\/"},"modified":"2022-04-26T11:18:13","modified_gmt":"2022-04-26T09:18:13","slug":"prowadnice-quadro-v6-push-to-open","status":"publish","type":"product","link":"https:\/\/hurtownia.komandor.pl\/mazowieckie\/produkt\/prowadnice-quadro-v6-push-to-open\/","title":{"rendered":"Prowadnice Quadro V6 Push To Open"},"content":{"rendered":"<ul>\n<li>Prowadnice kryte pe\u0142nego wysuwu &#8211; Quadro V6 Push To Open<\/li>\n<li>Push To Open &#8211; precyzyjny mechanizm automatycznie i niemal bezg\u0142o\u015bnie wysuwa szuflad\u0119 &#8211; wystarczy lekko nacisn\u0105\u0107<\/li>\n<li>Wygodny monta\u017c nasuwany z zatrzaskami i regulacj\u0105 wysoko\u015bci bez u\u017cycia narz\u0119dzi<\/li>\n<li>D\u0142ugo\u015bci do wyboru: 300mm, 350mm, 400mm, 450mm, 500mm, 550mm<\/li>\n<li>Ud\u017awig do 30kg<\/li>\n<li>Materia\u0142: stal ocynkowana, mo\u017cliwo\u015b\u0107 stosowania w pomieszczeniach nara\u017conych na wilgo\u0107<\/li>\n<\/ul>\n<p>&nbsp;<\/p>\n<p>Producent: Hettich<\/p>\n","protected":false},"featured_media":10210,"template":"","tags":[],"product-category":[637],"_links":{"self":[{"href":"https:\/\/hurtownia.komandor.pl\/mazowieckie\/wp-json\/wp\/v2\/product\/11511"}],"collection":[{"href":"https:\/\/hurtownia.komandor.pl\/mazowieckie\/wp-json\/wp\/v2\/product"}],"about":[{"href":"https:\/\/hurtownia.komandor.pl\/mazowieckie\/wp-json\/wp\/v2\/types\/product"}],"wp:featuredmedia":[{"embeddable":true,"href":"https:\/\/hurtownia.komandor.pl\/mazowieckie\/wp-json\/wp\/v2\/media\/10210"}],"wp:attachment":[{"href":"https:\/\/hurtownia.komandor.pl\/mazowieckie\/wp-json\/wp\/v2\/media?parent=11511"}],"wp:term":[{"taxonomy":"post_tag","embeddable":true,"href":"https:\/\/hurtownia.komandor.pl\/mazowieckie\/wp-json\/wp\/v2\/tags?post=11511"},{"taxonomy":"product-category","embeddable":true,"href":"https:\/\/hurtownia.komandor.pl\/mazowieckie\/wp-json\/wp\/v2\/product-category?post=11511"}],"curies":[{"name":"wp","href":"https:\/\/api.w.org\/{rel}","templated":true}]}}