
{"id":11514,"date":"2021-02-04T11:08:31","date_gmt":"2021-02-04T10:08:31","guid":{"rendered":"https:\/\/hurtownia.komandor.pl\/mazowieckie\/produkt\/prowadnice-kulkowe-otwierane-na-dotyk\/"},"modified":"2022-04-26T11:23:47","modified_gmt":"2022-04-26T09:23:47","slug":"prowadnice-kulkowe-otwierane-na-dotyk","status":"publish","type":"product","link":"https:\/\/hurtownia.komandor.pl\/mazowieckie\/produkt\/prowadnice-kulkowe-otwierane-na-dotyk\/","title":{"rendered":"Prowadnice kulkowe otwierane na dotyk"},"content":{"rendered":"<ul>\n<li>R\u00f3\u017cne d\u0142ugo\u015bci do wyboru<\/li>\n<li>Pe\u0142en wysuw<\/li>\n<li>Prowadnice z mechanizmem push (otwieranie bez uchwyt\u00f3w)<\/li>\n<li>Ud\u017awig do 45kg<\/li>\n<li>Materia\u0142: stal i tworzywo sztuczne<\/li>\n<\/ul>\n<p>&nbsp;<\/p>\n<p>Producent: Strong<\/p>\n","protected":false},"featured_media":10071,"template":"","tags":[],"product-category":[],"_links":{"self":[{"href":"https:\/\/hurtownia.komandor.pl\/mazowieckie\/wp-json\/wp\/v2\/product\/11514"}],"collection":[{"href":"https:\/\/hurtownia.komandor.pl\/mazowieckie\/wp-json\/wp\/v2\/product"}],"about":[{"href":"https:\/\/hurtownia.komandor.pl\/mazowieckie\/wp-json\/wp\/v2\/types\/product"}],"wp:featuredmedia":[{"embeddable":true,"href":"https:\/\/hurtownia.komandor.pl\/mazowieckie\/wp-json\/wp\/v2\/media\/10071"}],"wp:attachment":[{"href":"https:\/\/hurtownia.komandor.pl\/mazowieckie\/wp-json\/wp\/v2\/media?parent=11514"}],"wp:term":[{"taxonomy":"post_tag","embeddable":true,"href":"https:\/\/hurtownia.komandor.pl\/mazowieckie\/wp-json\/wp\/v2\/tags?post=11514"},{"taxonomy":"product-category","embeddable":true,"href":"https:\/\/hurtownia.komandor.pl\/mazowieckie\/wp-json\/wp\/v2\/product-category?post=11514"}],"curies":[{"name":"wp","href":"https:\/\/api.w.org\/{rel}","templated":true}]}}