
{"id":11519,"date":"2021-02-04T11:08:36","date_gmt":"2021-02-04T10:08:36","guid":{"rendered":"https:\/\/hurtownia.komandor.pl\/mazowieckie\/produkt\/prowadnik-liniowy-zawiasu-sensys-hettich\/"},"modified":"2021-04-16T14:51:54","modified_gmt":"2021-04-16T12:51:54","slug":"prowadnik-liniowy-zawiasu-sensys-hettich","status":"publish","type":"product","link":"https:\/\/hurtownia.komandor.pl\/mazowieckie\/produkt\/prowadnik-liniowy-zawiasu-sensys-hettich\/","title":{"rendered":"Prowadnik liniowy zawiasu Sensys Hettich"},"content":{"rendered":"<ul>\n<li>Stal w kolorze czerni obsydianu<\/li>\n<li>Do wkr\u0119t\u00f3w z \u0142bem wpuszczanym \u00f8 3,5 x 16 mm<\/li>\n<li>Regulacja wysoko\u015bci przez otwory +\/- 1,6mm<\/li>\n<\/ul>\n<p>Numer katalogowy producenta: 9091815<\/p>\n<p>&nbsp;<\/p>\n<p>Producent: Hettich<\/p>\n","protected":false},"featured_media":10294,"template":"","tags":[],"product-category":[],"_links":{"self":[{"href":"https:\/\/hurtownia.komandor.pl\/mazowieckie\/wp-json\/wp\/v2\/product\/11519"}],"collection":[{"href":"https:\/\/hurtownia.komandor.pl\/mazowieckie\/wp-json\/wp\/v2\/product"}],"about":[{"href":"https:\/\/hurtownia.komandor.pl\/mazowieckie\/wp-json\/wp\/v2\/types\/product"}],"wp:featuredmedia":[{"embeddable":true,"href":"https:\/\/hurtownia.komandor.pl\/mazowieckie\/wp-json\/wp\/v2\/media\/10294"}],"wp:attachment":[{"href":"https:\/\/hurtownia.komandor.pl\/mazowieckie\/wp-json\/wp\/v2\/media?parent=11519"}],"wp:term":[{"taxonomy":"post_tag","embeddable":true,"href":"https:\/\/hurtownia.komandor.pl\/mazowieckie\/wp-json\/wp\/v2\/tags?post=11519"},{"taxonomy":"product-category","embeddable":true,"href":"https:\/\/hurtownia.komandor.pl\/mazowieckie\/wp-json\/wp\/v2\/product-category?post=11519"}],"curies":[{"name":"wp","href":"https:\/\/api.w.org\/{rel}","templated":true}]}}