
{"id":11524,"date":"2021-02-04T11:08:33","date_gmt":"2021-02-04T10:08:33","guid":{"rendered":"https:\/\/hurtownia.komandor.pl\/mazowieckie\/produkt\/szuflada-atira-innotech-hettich\/"},"modified":"2021-04-16T14:46:50","modified_gmt":"2021-04-16T12:46:50","slug":"szuflada-atira-innotech-hettich","status":"publish","type":"product","link":"https:\/\/hurtownia.komandor.pl\/mazowieckie\/produkt\/szuflada-atira-innotech-hettich\/","title":{"rendered":"Szuflada Atira Innotech Hettich"},"content":{"rendered":"<ul>\n<li>Maksymalne obci\u0105\u017cenie 30 kg<\/li>\n<li>P\u0142aski bok szuflady<\/li>\n<li>Elegancki i nowoczesny design<\/li>\n<li>Cztery wysoko\u015bci boku szuflady do wyboru: 54mm (pod piekarnik), 70mm, 144mm, 176mm<\/li>\n<li>R\u00f3\u017cne d\u0142ugo\u015bci szuflad do wyboru<\/li>\n<li>Kolor bok\u00f3w: srebrny<\/li>\n<li>W komplecie \u2013 prowadnice, metalowe boki, mocowania \u015bcianki tylnej, mocowania frontu, za\u015blepki, relingi i mocowania reling\u00f3w (przy szufladach 144mm i 176mm)<\/li>\n<\/ul>\n<p>&nbsp;<\/p>\n<p>Producent: Hettich<\/p>\n","protected":false},"featured_media":10217,"template":"","tags":[522],"product-category":[635],"_links":{"self":[{"href":"https:\/\/hurtownia.komandor.pl\/mazowieckie\/wp-json\/wp\/v2\/product\/11524"}],"collection":[{"href":"https:\/\/hurtownia.komandor.pl\/mazowieckie\/wp-json\/wp\/v2\/product"}],"about":[{"href":"https:\/\/hurtownia.komandor.pl\/mazowieckie\/wp-json\/wp\/v2\/types\/product"}],"wp:featuredmedia":[{"embeddable":true,"href":"https:\/\/hurtownia.komandor.pl\/mazowieckie\/wp-json\/wp\/v2\/media\/10217"}],"wp:attachment":[{"href":"https:\/\/hurtownia.komandor.pl\/mazowieckie\/wp-json\/wp\/v2\/media?parent=11524"}],"wp:term":[{"taxonomy":"post_tag","embeddable":true,"href":"https:\/\/hurtownia.komandor.pl\/mazowieckie\/wp-json\/wp\/v2\/tags?post=11524"},{"taxonomy":"product-category","embeddable":true,"href":"https:\/\/hurtownia.komandor.pl\/mazowieckie\/wp-json\/wp\/v2\/product-category?post=11524"}],"curies":[{"name":"wp","href":"https:\/\/api.w.org\/{rel}","templated":true}]}}