
{"id":11525,"date":"2021-02-04T11:08:34","date_gmt":"2021-02-04T10:08:34","guid":{"rendered":"https:\/\/hurtownia.komandor.pl\/mazowieckie\/produkt\/szuflada-innotech-hettich\/"},"modified":"2021-04-16T14:46:27","modified_gmt":"2021-04-16T12:46:27","slug":"szuflada-innotech-hettich","status":"publish","type":"product","link":"https:\/\/hurtownia.komandor.pl\/mazowieckie\/produkt\/szuflada-innotech-hettich\/","title":{"rendered":"Szuflada Innotech Hettich"},"content":{"rendered":"<ul>\n<li>Wyprzeda\u017c szuflad Innotech, oferta wa\u017cna do wyczerpania zapas\u00f3w<\/li>\n<li>Maksymalne obci\u0105\u017cenie 30 kg<\/li>\n<li>Dwie wysoko\u015bci boku szuflady do wyboru: 70mm, 144mm<\/li>\n<li>R\u00f3\u017cne d\u0142ugo\u015bci szuflad do wyboru<\/li>\n<li>Kolor bok\u00f3w: srebrny<\/li>\n<li>W komplecie \u2013 prowadnice z cichym domykiem, metalowe boki, mocowania \u015bcianki tylnej, mocowania frontu, za\u015blepki, relingi i mocowania reling\u00f3w (przy szufladach 144mm)<\/li>\n<\/ul>\n<p>&nbsp;<\/p>\n<p>Producent: Hettich<\/p>\n","protected":false},"featured_media":10245,"template":"","tags":[522],"product-category":[635],"_links":{"self":[{"href":"https:\/\/hurtownia.komandor.pl\/mazowieckie\/wp-json\/wp\/v2\/product\/11525"}],"collection":[{"href":"https:\/\/hurtownia.komandor.pl\/mazowieckie\/wp-json\/wp\/v2\/product"}],"about":[{"href":"https:\/\/hurtownia.komandor.pl\/mazowieckie\/wp-json\/wp\/v2\/types\/product"}],"wp:featuredmedia":[{"embeddable":true,"href":"https:\/\/hurtownia.komandor.pl\/mazowieckie\/wp-json\/wp\/v2\/media\/10245"}],"wp:attachment":[{"href":"https:\/\/hurtownia.komandor.pl\/mazowieckie\/wp-json\/wp\/v2\/media?parent=11525"}],"wp:term":[{"taxonomy":"post_tag","embeddable":true,"href":"https:\/\/hurtownia.komandor.pl\/mazowieckie\/wp-json\/wp\/v2\/tags?post=11525"},{"taxonomy":"product-category","embeddable":true,"href":"https:\/\/hurtownia.komandor.pl\/mazowieckie\/wp-json\/wp\/v2\/product-category?post=11525"}],"curies":[{"name":"wp","href":"https:\/\/api.w.org\/{rel}","templated":true}]}}