
{"id":11527,"date":"2021-02-04T11:08:38","date_gmt":"2021-02-04T10:08:38","guid":{"rendered":"https:\/\/hurtownia.komandor.pl\/mazowieckie\/produkt\/tor-gorny-i-dolny-do-systemu-stalowego-komandor\/"},"modified":"2021-02-04T11:08:38","modified_gmt":"2021-02-04T10:08:38","slug":"tor-gorny-i-dolny-do-systemu-stalowego-komandor","status":"publish","type":"product","link":"https:\/\/hurtownia.komandor.pl\/mazowieckie\/produkt\/tor-gorny-i-dolny-do-systemu-stalowego-komandor\/","title":{"rendered":"Tor g\u00f3rny i dolny do systemu stalowego Komandor"},"content":{"rendered":"<ul>\n<li>Komplet toru g\u00f3rnego i dolnego do systemu stalowego Komandor<\/li>\n<li>Cztery kolory do wyboru<\/li>\n<li>D\u0142ugo\u015b\u0107 toru: 2,75m<\/li>\n<\/ul>\n<p>&nbsp;<\/p>\n<p>Producent: Komandor<\/p>\n","protected":false},"featured_media":10387,"template":"","tags":[539,540],"product-category":[],"_links":{"self":[{"href":"https:\/\/hurtownia.komandor.pl\/mazowieckie\/wp-json\/wp\/v2\/product\/11527"}],"collection":[{"href":"https:\/\/hurtownia.komandor.pl\/mazowieckie\/wp-json\/wp\/v2\/product"}],"about":[{"href":"https:\/\/hurtownia.komandor.pl\/mazowieckie\/wp-json\/wp\/v2\/types\/product"}],"wp:featuredmedia":[{"embeddable":true,"href":"https:\/\/hurtownia.komandor.pl\/mazowieckie\/wp-json\/wp\/v2\/media\/10387"}],"wp:attachment":[{"href":"https:\/\/hurtownia.komandor.pl\/mazowieckie\/wp-json\/wp\/v2\/media?parent=11527"}],"wp:term":[{"taxonomy":"post_tag","embeddable":true,"href":"https:\/\/hurtownia.komandor.pl\/mazowieckie\/wp-json\/wp\/v2\/tags?post=11527"},{"taxonomy":"product-category","embeddable":true,"href":"https:\/\/hurtownia.komandor.pl\/mazowieckie\/wp-json\/wp\/v2\/product-category?post=11527"}],"curies":[{"name":"wp","href":"https:\/\/api.w.org\/{rel}","templated":true}]}}