
{"id":11560,"date":"2021-02-04T11:08:34","date_gmt":"2021-02-04T10:08:34","guid":{"rendered":"https:\/\/hurtownia.komandor.pl\/mazowieckie\/produkt\/zlacze-rafix\/"},"modified":"2021-04-16T14:49:11","modified_gmt":"2021-04-16T12:49:11","slug":"zlacze-rafix","status":"publish","type":"product","link":"https:\/\/hurtownia.komandor.pl\/mazowieckie\/produkt\/zlacze-rafix\/","title":{"rendered":"Z\u0142\u0105cze Rafix"},"content":{"rendered":"<ul>\n<li>Z\u0142\u0105cze do korpus\u00f3w<\/li>\n<li>Wersja z ko\u0142nierzem wpuszczanym do monta\u017cu licuj\u0105cego z powierzchni\u0105 (numer katalogowy producenta 263.50.705)<\/li>\n<li>Kolor: bia\u0142y<\/li>\n<li>Material: tworzywo sztuczne<\/li>\n<li>Gniazdo: wg\u0142\u0119bienie krzy\u017cakowe PZ-2<\/li>\n<li>UWAGA! Niezb\u0119dne do prawid\u0142owego monta\u017cu trzpienie i za\u015blepki z\u0142\u0105cza sprzedawane s\u0105 osobno<\/li>\n<\/ul>\n<p>&nbsp;<\/p>\n<p>Producent: Hafele<\/p>\n","protected":false},"featured_media":10248,"template":"","tags":[],"product-category":[638],"_links":{"self":[{"href":"https:\/\/hurtownia.komandor.pl\/mazowieckie\/wp-json\/wp\/v2\/product\/11560"}],"collection":[{"href":"https:\/\/hurtownia.komandor.pl\/mazowieckie\/wp-json\/wp\/v2\/product"}],"about":[{"href":"https:\/\/hurtownia.komandor.pl\/mazowieckie\/wp-json\/wp\/v2\/types\/product"}],"wp:featuredmedia":[{"embeddable":true,"href":"https:\/\/hurtownia.komandor.pl\/mazowieckie\/wp-json\/wp\/v2\/media\/10248"}],"wp:attachment":[{"href":"https:\/\/hurtownia.komandor.pl\/mazowieckie\/wp-json\/wp\/v2\/media?parent=11560"}],"wp:term":[{"taxonomy":"post_tag","embeddable":true,"href":"https:\/\/hurtownia.komandor.pl\/mazowieckie\/wp-json\/wp\/v2\/tags?post=11560"},{"taxonomy":"product-category","embeddable":true,"href":"https:\/\/hurtownia.komandor.pl\/mazowieckie\/wp-json\/wp\/v2\/product-category?post=11560"}],"curies":[{"name":"wp","href":"https:\/\/api.w.org\/{rel}","templated":true}]}}