
{"id":11561,"date":"2021-02-04T11:08:34","date_gmt":"2021-02-04T10:08:34","guid":{"rendered":"https:\/\/hurtownia.komandor.pl\/mazowieckie\/produkt\/zawias-intermat-9930-hettich\/"},"modified":"2022-04-28T11:44:40","modified_gmt":"2022-04-28T09:44:40","slug":"zawias-intermat-9930-hettich","status":"publish","type":"product","link":"https:\/\/hurtownia.komandor.pl\/mazowieckie\/produkt\/zawias-intermat-9930-hettich\/","title":{"rendered":"Zawias Intermat 9930 Hettich"},"content":{"rendered":"<ul>\n<li>Zawias automatyczny z technik\u0105 monta\u017cu na prowadnik typu &#8220;clip&#8221;<\/li>\n<li>Do drzwi sk\u0142adanych w szafkach naro\u017cnych<\/li>\n<li>K\u0105t otwarcia 50\/65 stopni<\/li>\n<li>\u015arednica puszki 35 mm<\/li>\n<li>G\u0142\u0119boko\u015b\u0107 puszki 11,1 mm<\/li>\n<li>Regulacja uko\u015bna +9,5mm \/ -9,5mm<\/li>\n<li>Regulacja wysoko\u015bci przy pomocy prowadnika<\/li>\n<li>Zawias z zerowym uskokiem<\/li>\n<li>Rami\u0119 zawiasu: Cynkowy odlew ci\u015bnieniowy, niklowany<\/li>\n<li>Puszka zawiasu: Stal niklowana<\/li>\n<li>UWAGA! Niezb\u0119dny do prawid\u0142owego monta\u017cu prowadnik sprzedawany osobno<\/li>\n<\/ul>\n<p>Numer katalogowy producenta: 45036<\/p>\n<p>&nbsp;<\/p>\n<p>Producent: Hettich<\/p>\n","protected":false},"featured_media":10235,"template":"","tags":[],"product-category":[],"_links":{"self":[{"href":"https:\/\/hurtownia.komandor.pl\/mazowieckie\/wp-json\/wp\/v2\/product\/11561"}],"collection":[{"href":"https:\/\/hurtownia.komandor.pl\/mazowieckie\/wp-json\/wp\/v2\/product"}],"about":[{"href":"https:\/\/hurtownia.komandor.pl\/mazowieckie\/wp-json\/wp\/v2\/types\/product"}],"wp:featuredmedia":[{"embeddable":true,"href":"https:\/\/hurtownia.komandor.pl\/mazowieckie\/wp-json\/wp\/v2\/media\/10235"}],"wp:attachment":[{"href":"https:\/\/hurtownia.komandor.pl\/mazowieckie\/wp-json\/wp\/v2\/media?parent=11561"}],"wp:term":[{"taxonomy":"post_tag","embeddable":true,"href":"https:\/\/hurtownia.komandor.pl\/mazowieckie\/wp-json\/wp\/v2\/tags?post=11561"},{"taxonomy":"product-category","embeddable":true,"href":"https:\/\/hurtownia.komandor.pl\/mazowieckie\/wp-json\/wp\/v2\/product-category?post=11561"}],"curies":[{"name":"wp","href":"https:\/\/api.w.org\/{rel}","templated":true}]}}