
{"id":11562,"date":"2021-02-04T11:08:33","date_gmt":"2021-02-04T10:08:33","guid":{"rendered":"https:\/\/hurtownia.komandor.pl\/mazowieckie\/produkt\/zawias-intermat-9943-hettich\/"},"modified":"2022-04-28T11:49:14","modified_gmt":"2022-04-28T09:49:14","slug":"zawias-intermat-9943-hettich","status":"publish","type":"product","link":"https:\/\/hurtownia.komandor.pl\/mazowieckie\/produkt\/zawias-intermat-9943-hettich\/","title":{"rendered":"Zawias Intermat 9943 Hettich"},"content":{"rendered":"<ul>\n<li>Zawias automatyczny z technik\u0105 monta\u017cu na prowadnik typu &#8220;clip&#8221;<\/li>\n<li>K\u0105t otwarcia 110 stopni<\/li>\n<li>Do drzwi o grubo\u015bci 15 &#8211; 25 mm<\/li>\n<li>\u015arednica puszki 35 mm<\/li>\n<li>G\u0142\u0119boko\u015b\u0107 puszki 11,6 mm<\/li>\n<li>Zintegrowana regulacja na\u0142o\u017cenia + 2 mm \/ &#8211; 2 mm<\/li>\n<li>Zintegrowana regulacja g\u0142\u0119boko\u015bci + 3 mm \/ &#8211; 2 mm<\/li>\n<li>Regulacja wysoko\u015bci przy pomocy prowadnika<\/li>\n<li>Rami\u0119 zawiasu: Stal niklowana<\/li>\n<li>Puszka zawiasu: Stal niklowana<\/li>\n<li>UWAGA! Niezb\u0119dny do prawid\u0142owego monta\u017cu prowadnik sprzedawany osobno<\/li>\n<\/ul>\n<p>Rodzaje dost\u0119pnych zawias\u00f3w Hettich 9943 : <strong>nak\u0142adany, wpuszczany, bli\u017aniaczy<\/strong><\/p>\n<p>Producent: Hettich<\/p>\n","protected":false},"featured_media":10233,"template":"","tags":[],"product-category":[636],"_links":{"self":[{"href":"https:\/\/hurtownia.komandor.pl\/mazowieckie\/wp-json\/wp\/v2\/product\/11562"}],"collection":[{"href":"https:\/\/hurtownia.komandor.pl\/mazowieckie\/wp-json\/wp\/v2\/product"}],"about":[{"href":"https:\/\/hurtownia.komandor.pl\/mazowieckie\/wp-json\/wp\/v2\/types\/product"}],"wp:featuredmedia":[{"embeddable":true,"href":"https:\/\/hurtownia.komandor.pl\/mazowieckie\/wp-json\/wp\/v2\/media\/10233"}],"wp:attachment":[{"href":"https:\/\/hurtownia.komandor.pl\/mazowieckie\/wp-json\/wp\/v2\/media?parent=11562"}],"wp:term":[{"taxonomy":"post_tag","embeddable":true,"href":"https:\/\/hurtownia.komandor.pl\/mazowieckie\/wp-json\/wp\/v2\/tags?post=11562"},{"taxonomy":"product-category","embeddable":true,"href":"https:\/\/hurtownia.komandor.pl\/mazowieckie\/wp-json\/wp\/v2\/product-category?post=11562"}],"curies":[{"name":"wp","href":"https:\/\/api.w.org\/{rel}","templated":true}]}}