
{"id":11565,"date":"2021-02-04T11:08:33","date_gmt":"2021-02-04T10:08:33","guid":{"rendered":"https:\/\/hurtownia.komandor.pl\/mazowieckie\/produkt\/zawias-sensys-8638i-hettich\/"},"modified":"2022-04-28T14:27:48","modified_gmt":"2022-04-28T12:27:48","slug":"zawias-sensys-8638i-hettich","status":"publish","type":"product","link":"https:\/\/hurtownia.komandor.pl\/mazowieckie\/produkt\/zawias-sensys-8638i-hettich\/","title":{"rendered":"Zawias Sensys do w\u0105skiej ramki 8638i Hettich"},"content":{"rendered":"<ul>\n<li>Zawias automatyczny z technik\u0105 monta\u017cu na prowadnik typu &#8220;clip&#8221;, ze zintegrowanym cichym domykaniem<\/li>\n<li>Do ramek aluminiowych z profili o szeroko\u015bci 19mm<\/li>\n<li>Kat otwarcia 95 stopni<\/li>\n<li>Zintegrowana regulacja na\u0142o\u017cenia + 2 mm \/ &#8211; 2 mm<\/li>\n<li>Zintegrowana regulacja g\u0142\u0119boko\u015bci + 3 mm \/ &#8211; 2 mm<\/li>\n<li>Regulacja wysoko\u015bci przy pomocy prowadnika<\/li>\n<li>Rami\u0119 zawiasu: Stal niklowana<\/li>\n<li>Puszka zawiasu: Cynkowy odlew ci\u015bnieniowy, niklowany<\/li>\n<li>UWAGA! Niezb\u0119dny do prawid\u0142owego monta\u017cu prowadnik sprzedawany osobno<\/li>\n<\/ul>\n<p>Dost\u0119pne rodzaje zawias\u00f3w: <strong>nak\u0142adany, wpuszczany i bli\u017aniaczy.<\/strong><\/p>\n<p>UWAGA! dost\u0119pny r\u00f3wnie\u017c <strong>zawias nak\u0142adany<\/strong> w kolorze <strong>czarny oksydowany<\/strong>.<\/p>\n<p>Producent: Hettich<\/p>\n","protected":false},"featured_media":10223,"template":"","tags":[],"product-category":[636],"_links":{"self":[{"href":"https:\/\/hurtownia.komandor.pl\/mazowieckie\/wp-json\/wp\/v2\/product\/11565"}],"collection":[{"href":"https:\/\/hurtownia.komandor.pl\/mazowieckie\/wp-json\/wp\/v2\/product"}],"about":[{"href":"https:\/\/hurtownia.komandor.pl\/mazowieckie\/wp-json\/wp\/v2\/types\/product"}],"wp:featuredmedia":[{"embeddable":true,"href":"https:\/\/hurtownia.komandor.pl\/mazowieckie\/wp-json\/wp\/v2\/media\/10223"}],"wp:attachment":[{"href":"https:\/\/hurtownia.komandor.pl\/mazowieckie\/wp-json\/wp\/v2\/media?parent=11565"}],"wp:term":[{"taxonomy":"post_tag","embeddable":true,"href":"https:\/\/hurtownia.komandor.pl\/mazowieckie\/wp-json\/wp\/v2\/tags?post=11565"},{"taxonomy":"product-category","embeddable":true,"href":"https:\/\/hurtownia.komandor.pl\/mazowieckie\/wp-json\/wp\/v2\/product-category?post=11565"}],"curies":[{"name":"wp","href":"https:\/\/api.w.org\/{rel}","templated":true}]}}