
{"id":11566,"date":"2021-02-04T11:08:33","date_gmt":"2021-02-04T10:08:33","guid":{"rendered":"https:\/\/hurtownia.komandor.pl\/mazowieckie\/produkt\/zawias-sensys-8639i-w90-hettich\/"},"modified":"2022-04-28T11:52:57","modified_gmt":"2022-04-28T09:52:57","slug":"zawias-sensys-8639i-w90-hettich","status":"publish","type":"product","link":"https:\/\/hurtownia.komandor.pl\/mazowieckie\/produkt\/zawias-sensys-8639i-w90-hettich\/","title":{"rendered":"Zawias Sensys 8639i W90 Hettich"},"content":{"rendered":"<ul>\n<li>Zawias automatyczny z technik\u0105 monta\u017cu na prowadnik typu &#8220;clip&#8221;, ze zintegrowanym cichym domykaniem<\/li>\n<li>Do szafek naro\u017cnych, do k\u0105ta korpusu 90 stopni<\/li>\n<li>K\u0105t otwarcia 95 stopni<\/li>\n<li>Do drzwi o grubo\u015bci 15 &#8211; 28 mm<\/li>\n<li>\u015arednica puszki 35 mm<\/li>\n<li>G\u0142\u0119boko\u015b\u0107 puszki 12,8 mm<\/li>\n<li>Zintegrowana regulacja na\u0142o\u017cenia + 1 mm \/ &#8211; 2 mm<\/li>\n<li>Zintegrowana regulacja g\u0142\u0119boko\u015bci + 3 mm \/ &#8211; 2 mm<\/li>\n<li>Regulacja wysoko\u015bci przy pomocy prowadnika<\/li>\n<li>Zawias z zerowym uskokiem<\/li>\n<li>Rami\u0119 zawiasu: Cynkowy odlew ci\u015bnieniowy, niklowany<\/li>\n<li>Puszka zawiasu: Stal niklowana<\/li>\n<li>UWAGA! Niezb\u0119dny do prawid\u0142owego monta\u017cu prowadnik sprzedawany osobno<\/li>\n<\/ul>\n<p>Numer katalogowy producenta: 9088021<\/p>\n<p>&nbsp;<\/p>\n<p>Producent: Hettich<\/p>\n","protected":false},"featured_media":10228,"template":"","tags":[],"product-category":[],"_links":{"self":[{"href":"https:\/\/hurtownia.komandor.pl\/mazowieckie\/wp-json\/wp\/v2\/product\/11566"}],"collection":[{"href":"https:\/\/hurtownia.komandor.pl\/mazowieckie\/wp-json\/wp\/v2\/product"}],"about":[{"href":"https:\/\/hurtownia.komandor.pl\/mazowieckie\/wp-json\/wp\/v2\/types\/product"}],"wp:featuredmedia":[{"embeddable":true,"href":"https:\/\/hurtownia.komandor.pl\/mazowieckie\/wp-json\/wp\/v2\/media\/10228"}],"wp:attachment":[{"href":"https:\/\/hurtownia.komandor.pl\/mazowieckie\/wp-json\/wp\/v2\/media?parent=11566"}],"wp:term":[{"taxonomy":"post_tag","embeddable":true,"href":"https:\/\/hurtownia.komandor.pl\/mazowieckie\/wp-json\/wp\/v2\/tags?post=11566"},{"taxonomy":"product-category","embeddable":true,"href":"https:\/\/hurtownia.komandor.pl\/mazowieckie\/wp-json\/wp\/v2\/product-category?post=11566"}],"curies":[{"name":"wp","href":"https:\/\/api.w.org\/{rel}","templated":true}]}}