
{"id":11570,"date":"2021-02-04T11:08:34","date_gmt":"2021-02-04T10:08:34","guid":{"rendered":"https:\/\/hurtownia.komandor.pl\/mazowieckie\/produkt\/zawias-sensys-8687-push-to-open-hettich\/"},"modified":"2022-04-28T11:52:25","modified_gmt":"2022-04-28T09:52:25","slug":"zawias-sensys-8687-push-to-open-hettich","status":"publish","type":"product","link":"https:\/\/hurtownia.komandor.pl\/mazowieckie\/produkt\/zawias-sensys-8687-push-to-open-hettich\/","title":{"rendered":"Zawias Sensys 8687 Push To Open Hettich"},"content":{"rendered":"<ul>\n<li>Zawias z technik\u0105 monta\u017cu na prowadnik typu &#8220;clip&#8221;, bez automatyki zamykania<\/li>\n<li>Do zastosowania np. w rozwi\u0105zaniach typu Push To Open (otwieranie na dotyk)<\/li>\n<li>K\u0105t otwarcia 165 stopni<\/li>\n<li>Zawias z zerowym uskokiem<\/li>\n<li>Do drzwi o grubo\u015bci 15 &#8211; 32 mm<\/li>\n<li>\u015arednica puszki 35 mm<\/li>\n<li>G\u0142\u0119boko\u015b\u0107 puszki 11,6 mm<\/li>\n<li>Zintegrowana regulacja na\u0142o\u017cenia + 2 mm \/ &#8211; 2 mm<\/li>\n<li>Zintegrowana regulacja g\u0142\u0119boko\u015bci + 3 mm \/ &#8211; 2 mm<\/li>\n<li>Regulacja wysoko\u015bci przy pomocy prowadnika<\/li>\n<li>Rami\u0119 zawiasu: Stal niklowana<\/li>\n<li>Puszka zawiasu: Stal niklowana<\/li>\n<li>UWAGA! Niezb\u0119dny do prawid\u0142owego monta\u017cu prowadnik sprzedawany osobno<\/li>\n<\/ul>\n<p>&nbsp;<\/p>\n<p>Producent: Hettich<\/p>\n","protected":false},"featured_media":10221,"template":"","tags":[],"product-category":[],"_links":{"self":[{"href":"https:\/\/hurtownia.komandor.pl\/mazowieckie\/wp-json\/wp\/v2\/product\/11570"}],"collection":[{"href":"https:\/\/hurtownia.komandor.pl\/mazowieckie\/wp-json\/wp\/v2\/product"}],"about":[{"href":"https:\/\/hurtownia.komandor.pl\/mazowieckie\/wp-json\/wp\/v2\/types\/product"}],"wp:featuredmedia":[{"embeddable":true,"href":"https:\/\/hurtownia.komandor.pl\/mazowieckie\/wp-json\/wp\/v2\/media\/10221"}],"wp:attachment":[{"href":"https:\/\/hurtownia.komandor.pl\/mazowieckie\/wp-json\/wp\/v2\/media?parent=11570"}],"wp:term":[{"taxonomy":"post_tag","embeddable":true,"href":"https:\/\/hurtownia.komandor.pl\/mazowieckie\/wp-json\/wp\/v2\/tags?post=11570"},{"taxonomy":"product-category","embeddable":true,"href":"https:\/\/hurtownia.komandor.pl\/mazowieckie\/wp-json\/wp\/v2\/product-category?post=11570"}],"curies":[{"name":"wp","href":"https:\/\/api.w.org\/{rel}","templated":true}]}}