
{"id":11572,"date":"2021-02-04T11:08:41","date_gmt":"2021-02-04T10:08:41","guid":{"rendered":"https:\/\/hurtownia.komandor.pl\/mazowieckie\/produkt\/wyprzedaz-grafiki-na-szkle\/"},"modified":"2021-04-26T13:00:41","modified_gmt":"2021-04-26T11:00:41","slug":"wyprzedaz-grafiki-na-szkle","status":"publish","type":"product","link":"https:\/\/hurtownia.komandor.pl\/mazowieckie\/produkt\/wyprzedaz-grafiki-na-szkle\/","title":{"rendered":"Grafika na szkle"},"content":{"rendered":"<p>Oferujemy w naszej hurtowni opracowanie i wykonanie szk\u0142a z grafik\u0105 dekoracyjn\u0105. Takie szk\u0142o \u015bwietnie sprawdza si\u0119 we frontach drzwi i szafek, czy te\u017c jako dekoracja \u015bcienna<\/p>\n<p><strong>Cechy laminowanych szyb dekoracyjnych:<\/strong><\/p>\n<ul>\n<li>max wymiar szk\u0142a: 1480mm x 3000mm<\/li>\n<li>grubo\u015b\u0107 szk\u0142a: 4mm<\/li>\n<li>atest bezpiecze\u0144stwa 1B1 wg PN-EN 12600:2004 (\u015bwiadectwo bada\u0144 1721\/ICiMB\/ST\/12)<\/li>\n<\/ul>\n<p><strong>Dodatkowe mo\u017cliwo\u015bci:<\/strong><\/p>\n<ul>\n<li>szk\u0142o w wersji OPTI WHITE (ca\u0142kowicie bia\u0142e)<\/li>\n<li>szk\u0142o w wersji hartowanej<\/li>\n<li>nawiercanie otwor\u00f3w<\/li>\n<li>szlifowanie kraw\u0119dzi<\/li>\n<\/ul>\n<p><strong>Pr\u00f3bki szk\u0142a dekoracyjnego dost\u0119pne w naszej hurtowni.<\/strong><\/p>\n<p>&nbsp;<\/p>\n","protected":false},"featured_media":10601,"template":"","tags":[501,615,616,617],"product-category":[],"_links":{"self":[{"href":"https:\/\/hurtownia.komandor.pl\/mazowieckie\/wp-json\/wp\/v2\/product\/11572"}],"collection":[{"href":"https:\/\/hurtownia.komandor.pl\/mazowieckie\/wp-json\/wp\/v2\/product"}],"about":[{"href":"https:\/\/hurtownia.komandor.pl\/mazowieckie\/wp-json\/wp\/v2\/types\/product"}],"wp:featuredmedia":[{"embeddable":true,"href":"https:\/\/hurtownia.komandor.pl\/mazowieckie\/wp-json\/wp\/v2\/media\/10601"}],"wp:attachment":[{"href":"https:\/\/hurtownia.komandor.pl\/mazowieckie\/wp-json\/wp\/v2\/media?parent=11572"}],"wp:term":[{"taxonomy":"post_tag","embeddable":true,"href":"https:\/\/hurtownia.komandor.pl\/mazowieckie\/wp-json\/wp\/v2\/tags?post=11572"},{"taxonomy":"product-category","embeddable":true,"href":"https:\/\/hurtownia.komandor.pl\/mazowieckie\/wp-json\/wp\/v2\/product-category?post=11572"}],"curies":[{"name":"wp","href":"https:\/\/api.w.org\/{rel}","templated":true}]}}