
{"id":11619,"date":"2022-04-26T15:07:42","date_gmt":"2022-04-26T13:07:42","guid":{"rendered":"https:\/\/hurtownia.komandor.pl\/mazowieckie\/?post_type=product&#038;p=11619"},"modified":"2022-04-26T15:08:54","modified_gmt":"2022-04-26T13:08:54","slug":"prowadnice-rolkowe","status":"publish","type":"product","link":"https:\/\/hurtownia.komandor.pl\/mazowieckie\/produkt\/prowadnice-rolkowe\/","title":{"rendered":"Prowadnice rolkowe"},"content":{"rendered":"<ul>\n<li>D\u0142ugo\u015bci do wyboru: 250mm, 300mm, 350mm, 400mm, 450mm, 500mm, 550mm, 600mm<\/li>\n<li>Kolory do wyboru: bia\u0142y, szary, br\u0105zowy (nie wszystkie d\u0142ugo\u015bci)<\/li>\n<li>Ud\u017awig do 30kg<\/li>\n<li>Materia\u0142: stal<\/li>\n<\/ul>\n","protected":false},"featured_media":11620,"template":"","tags":[],"product-category":[637],"_links":{"self":[{"href":"https:\/\/hurtownia.komandor.pl\/mazowieckie\/wp-json\/wp\/v2\/product\/11619"}],"collection":[{"href":"https:\/\/hurtownia.komandor.pl\/mazowieckie\/wp-json\/wp\/v2\/product"}],"about":[{"href":"https:\/\/hurtownia.komandor.pl\/mazowieckie\/wp-json\/wp\/v2\/types\/product"}],"wp:featuredmedia":[{"embeddable":true,"href":"https:\/\/hurtownia.komandor.pl\/mazowieckie\/wp-json\/wp\/v2\/media\/11620"}],"wp:attachment":[{"href":"https:\/\/hurtownia.komandor.pl\/mazowieckie\/wp-json\/wp\/v2\/media?parent=11619"}],"wp:term":[{"taxonomy":"post_tag","embeddable":true,"href":"https:\/\/hurtownia.komandor.pl\/mazowieckie\/wp-json\/wp\/v2\/tags?post=11619"},{"taxonomy":"product-category","embeddable":true,"href":"https:\/\/hurtownia.komandor.pl\/mazowieckie\/wp-json\/wp\/v2\/product-category?post=11619"}],"curies":[{"name":"wp","href":"https:\/\/api.w.org\/{rel}","templated":true}]}}