
{"id":11512,"date":"2021-02-04T11:08:31","date_gmt":"2021-02-04T10:08:31","guid":{"rendered":"https:\/\/hurtownia.komandor.pl\/podlaskie\/produkt\/lustro-brazowe\/"},"modified":"2021-05-05T14:26:54","modified_gmt":"2021-05-05T12:26:54","slug":"lustro-brazowe","status":"publish","type":"product","link":"https:\/\/hurtownia.komandor.pl\/podlaskie\/produkt\/lustro-brazowe\/","title":{"rendered":"Lustro br\u0105zowe"},"content":{"rendered":"<p>Lustro br\u0105zowe<\/p>\n<p>Grubo\u015b\u0107: 4mm<\/p>\n<p>Wymiary tafli :\u00a0 1605 mm\u00a0 x\u00a0 2550 mm<\/p>\n<p>Podana cena jest cen\u0105 za ca\u0142\u0105 tafl\u0119. Istnieje mo\u017cliwo\u015b\u0107 zam\u00f3wienia szk\u0142a doci\u0119tego na wymiar\u00a0 (minimalna powierzchna 150 mm x 150mm), z oszlifowanymi wskazanymi kraw\u0119dziami i wyci\u0119tymi otworami np. pod puszk\u0119. W tym celu prosimy o kontakt z dzia\u0142em handlowym.<\/p>\n","protected":false},"featured_media":10085,"template":"","tags":[500,501],"product-category":[644],"_links":{"self":[{"href":"https:\/\/hurtownia.komandor.pl\/podlaskie\/wp-json\/wp\/v2\/product\/11512"}],"collection":[{"href":"https:\/\/hurtownia.komandor.pl\/podlaskie\/wp-json\/wp\/v2\/product"}],"about":[{"href":"https:\/\/hurtownia.komandor.pl\/podlaskie\/wp-json\/wp\/v2\/types\/product"}],"wp:featuredmedia":[{"embeddable":true,"href":"https:\/\/hurtownia.komandor.pl\/podlaskie\/wp-json\/wp\/v2\/media\/10085"}],"wp:attachment":[{"href":"https:\/\/hurtownia.komandor.pl\/podlaskie\/wp-json\/wp\/v2\/media?parent=11512"}],"wp:term":[{"taxonomy":"post_tag","embeddable":true,"href":"https:\/\/hurtownia.komandor.pl\/podlaskie\/wp-json\/wp\/v2\/tags?post=11512"},{"taxonomy":"product-category","embeddable":true,"href":"https:\/\/hurtownia.komandor.pl\/podlaskie\/wp-json\/wp\/v2\/product-category?post=11512"}],"curies":[{"name":"wp","href":"https:\/\/api.w.org\/{rel}","templated":true}]}}