
{"id":11516,"date":"2021-02-04T11:08:31","date_gmt":"2021-02-04T10:08:31","guid":{"rendered":"https:\/\/hurtownia.komandor.pl\/podlaskie\/produkt\/lustro-srebrne\/"},"modified":"2021-05-05T15:27:21","modified_gmt":"2021-05-05T13:27:21","slug":"lustro-srebrne","status":"publish","type":"product","link":"https:\/\/hurtownia.komandor.pl\/podlaskie\/produkt\/lustro-srebrne\/","title":{"rendered":"Lustro srebrne"},"content":{"rendered":"<p>Lustro srebrne<\/p>\n<p>Grubo\u015b\u0107: 4mm<\/p>\n<p lang=\"zxx\"><span style=\"color: #333333;\"><span style=\"font-family: frankfurtgothic;\"><span style=\"font-size: medium;\">Wymiary tafli :\u00a0 1605 mm\u00a0 x\u00a0 2550 mm<\/span><\/span><\/span><\/p>\n<p lang=\"zxx\"><span style=\"color: #333333;\"><span style=\"font-family: frankfurtgothic;\"><span style=\"font-size: medium;\">Podana cena jest cen\u0105 za ca\u0142\u0105 tafl\u0119. Istnieje mo\u017cliwo\u015b\u0107 zam\u00f3wienia szk\u0142a doci\u0119tego na wymiar\u00a0 (minimalna powierzchna 150 mm x 150mm), z oszlifowanymi wskazanymi kraw\u0119dziami i wyci\u0119tymi otworami np. pod puszk\u0119. W tym celu prosimy o kontakt z dzia\u0142em handlowym.<\/span><\/span><\/span><\/p>\n","protected":false},"featured_media":10083,"template":"","tags":[500,501],"product-category":[644],"_links":{"self":[{"href":"https:\/\/hurtownia.komandor.pl\/podlaskie\/wp-json\/wp\/v2\/product\/11516"}],"collection":[{"href":"https:\/\/hurtownia.komandor.pl\/podlaskie\/wp-json\/wp\/v2\/product"}],"about":[{"href":"https:\/\/hurtownia.komandor.pl\/podlaskie\/wp-json\/wp\/v2\/types\/product"}],"wp:featuredmedia":[{"embeddable":true,"href":"https:\/\/hurtownia.komandor.pl\/podlaskie\/wp-json\/wp\/v2\/media\/10083"}],"wp:attachment":[{"href":"https:\/\/hurtownia.komandor.pl\/podlaskie\/wp-json\/wp\/v2\/media?parent=11516"}],"wp:term":[{"taxonomy":"post_tag","embeddable":true,"href":"https:\/\/hurtownia.komandor.pl\/podlaskie\/wp-json\/wp\/v2\/tags?post=11516"},{"taxonomy":"product-category","embeddable":true,"href":"https:\/\/hurtownia.komandor.pl\/podlaskie\/wp-json\/wp\/v2\/product-category?post=11516"}],"curies":[{"name":"wp","href":"https:\/\/api.w.org\/{rel}","templated":true}]}}