
{"id":11527,"date":"2021-02-04T11:08:38","date_gmt":"2021-02-04T10:08:38","guid":{"rendered":"https:\/\/hurtownia.komandor.pl\/podlaskie\/produkt\/plyta-akrylowa-rehau-2103l-grafite-supermat\/"},"modified":"2022-03-29T15:43:02","modified_gmt":"2022-03-29T13:43:02","slug":"plyta-akrylowa-rehau-2103l-grafite-supermat","status":"publish","type":"product","link":"https:\/\/hurtownia.komandor.pl\/podlaskie\/produkt\/plyta-akrylowa-rehau-2103l-grafite-supermat\/","title":{"rendered":"Front akrylowy Rehau 2103L Grafite supermat"},"content":{"rendered":"<p>Front\u00a0 akrylowy\u00a0 o dowolnym\u00a0 wymiarze\u00a0 z materia\u0142u RAUVISIO Brilliant,\u00a0 nadaje wn\u0119trzu ponadczasowej elegancji. Dzi\u0119ki zastosowaniu nowoczesnej technologii\u00a0 przy oklejaniu front\u00f3w obrze\u017cem ABS\u00a0 stanowi monolityczn\u0105 bry\u0142\u0119. Powierzchnia p\u0142yty zabezpieczona jest foli\u0105 ochronn\u0105\u00a0 odporn\u0105\u00a0 na dzia\u0142anie promieni UV.<\/p>\n<p><strong>Zalety nowoczesnej technologii\u00a0 w obr\u00f3bce Rauvisio Brilliant:<\/strong><\/p>\n<ul>\n<li>zwi\u0119kszona odporno\u015b\u0107 na wilgo\u0107<\/li>\n<li>zwi\u0119kszona odporno\u015b\u0107 na zarysowania<\/li>\n<li>perfekcyjne, wcze\u015bniej niespotykane \u0142\u0105czenie powierzchni z obrze\u017cem<\/li>\n<\/ul>\n<p><strong><br \/>\nKorzy\u015bci zakupu front\u00f3w akrylowych Rauvisio Brilliant : <\/strong><\/p>\n<ul>\n<li>kolekcja obrze\u017cy idealnie dopasowana kolorystycznie do powierzchni frontu<\/li>\n<li>zam\u00f3wienie wymiar\u00f3w niestandardowych nie ma wp\u0142ywu na cen\u0119<\/li>\n<li>mo\u017cliwo\u015b\u0107 realizacji indywidualnych zlece\u0144<\/li>\n<\/ul>\n<p><strong>Dost\u0119pne grubo\u015bci:<\/strong> 18mm<\/p>\n<p>&nbsp;<\/p>\n<p><strong>Producent:<\/strong> Rehau<\/p>\n<p>&nbsp;<\/p>\n<p>&nbsp;<\/p>\n<ul>\n<li style=\"list-style-type: none;\"><\/li>\n<\/ul>\n<p>&nbsp;<\/p>\n<ul>\n<li style=\"list-style-type: none;\"><\/li>\n<\/ul>\n<p>&nbsp;<\/p>\n<ul>\n<li style=\"list-style-type: none;\"><\/li>\n<\/ul>\n<p>&nbsp;<\/p>\n","protected":false},"featured_media":10433,"template":"","tags":[502,524,531],"product-category":[635,636],"_links":{"self":[{"href":"https:\/\/hurtownia.komandor.pl\/podlaskie\/wp-json\/wp\/v2\/product\/11527"}],"collection":[{"href":"https:\/\/hurtownia.komandor.pl\/podlaskie\/wp-json\/wp\/v2\/product"}],"about":[{"href":"https:\/\/hurtownia.komandor.pl\/podlaskie\/wp-json\/wp\/v2\/types\/product"}],"wp:featuredmedia":[{"embeddable":true,"href":"https:\/\/hurtownia.komandor.pl\/podlaskie\/wp-json\/wp\/v2\/media\/10433"}],"wp:attachment":[{"href":"https:\/\/hurtownia.komandor.pl\/podlaskie\/wp-json\/wp\/v2\/media?parent=11527"}],"wp:term":[{"taxonomy":"post_tag","embeddable":true,"href":"https:\/\/hurtownia.komandor.pl\/podlaskie\/wp-json\/wp\/v2\/tags?post=11527"},{"taxonomy":"product-category","embeddable":true,"href":"https:\/\/hurtownia.komandor.pl\/podlaskie\/wp-json\/wp\/v2\/product-category?post=11527"}],"curies":[{"name":"wp","href":"https:\/\/api.w.org\/{rel}","templated":true}]}}