
{"id":3950,"date":"2017-09-04T09:05:42","date_gmt":"2017-09-04T07:05:42","guid":{"rendered":"http:\/\/hurtownia.komandor.slask.pl\/?page_id=3950"},"modified":"2018-11-06T14:59:11","modified_gmt":"2018-11-06T13:59:11","slug":"polityka-prywatnosci","status":"publish","type":"page","link":"https:\/\/hurtownia.komandor.pl\/swietokrzyskie\/polityka-prywatnosci\/","title":{"rendered":"Polityka prywatno\u015bci"},"content":{"rendered":"<p><strong> \u00a7 1. Postanowienia og\u00f3lne<\/strong><\/p>\n<ol>\n<li>Niniejsza Polityka Prywatno\u015bci okre\u015bla zasady przetwarzania i ochrony danych osobowych przekazanych przez Klient\u00f3w w zwi\u0105zku z korzystaniem przez nich z witryny internetowej www.komandor.pl<\/li>\n<li>Komandor \u015al\u0105sk S.A. dok\u0142ada wszelkich stara\u0144 celem zapewnienia poszanowania prywatno\u015bci i ochrony informacji osobowych udzielonych przez Klient\u00f3w podczas korzystania ze strony internetowej oraz w tym celu podejmuje wszelkie niezb\u0119dne dzia\u0142ania.<\/li>\n<\/ol>\n<p>&nbsp;<\/p>\n<p><strong> \u00a7 2. Administrator danych osobowych<\/strong><\/p>\n<p>Administratorem Pani\/Pana danych osobowych b\u0119dzie Komandor SA z siedzib\u0105 w Radomiu. Mo\u017cna\u00a0 si\u0119 z nami skontaktowa\u0107 w nast\u0119puj\u0105cy spos\u00f3b:<\/p>\n<p>&#8211; listownie na adres: ul. Transportowc\u00f3w 35 , 40-403 Katowice,<\/p>\n<p>&#8211; przez e-mail: E-mail: <a href=\"mailto:rodo.slask@komandor.pl\">rodo.slask@komandor.pl<\/a>,<\/p>\n<p>&nbsp;<\/p>\n<p><strong>\u00a0 \u00a7 3. Cele przetwarzania oraz podstawa prawna przetwarzania<\/strong><\/p>\n<table width=\"100%\">\n<tbody>\n<tr>\n<td>Cele przetwarzanie danych:<\/td>\n<td>Podstawy prawne:<\/td>\n<td>Okres przetwarzania:<\/td>\n<\/tr>\n<tr>\n<td>podj\u0119cia dzia\u0142ania w zakresie odpowiedzi na zapytanie, przygotowania wyceny oraz realizacji zlecenia<\/td>\n<td>art. 6 ust. 1 lit b) RODO &#8211; niezb\u0119dno\u015b\u0107 do wykonania umowy, kt\u00f3rej stron\u0105 jest U\u017cytkownik<\/td>\n<td>do czasu wycofania zgody<\/td>\n<\/tr>\n<tr>\n<td>pomiary statystyczne,\u00a0marketing (w tym analizowanie i profilowanie danych w celach marketingowych) produkt\u00f3w i us\u0142ug Administratora<\/td>\n<td>art. 6 ust. 1 lit. f) RODO &#8211; uzasadniony interes administratora<\/td>\n<td>do czasu zg\u0142oszenia skutecznego sprzeciwu<\/td>\n<\/tr>\n<tr>\n<td>marketing oraz przesy\u0142ania ofert handlowych Zak\u0142ad\u00f3w Kompletacji oraz Autoryzowanych Dealer\u00f3w<\/td>\n<td>Art. 6 ust. 1 lit. a) \u2013 dobrowolna zgoda<\/td>\n<td>do czasu wycofania zgody<\/td>\n<\/tr>\n<\/tbody>\n<\/table>\n<p>&nbsp;<\/p>\n<p><strong>\u00a0 \u00a7 4. Odbiorcy danych<\/strong><\/p>\n<p>Pani\/Pana dane osobowe mog\u0105 by\u0107 ujawniane podmiotom wsp\u00f3\u0142pracuj\u0105cym z Administratorami, na podstawie zawartych um\u00f3w, w szczeg\u00f3lno\u015bci podmiotom \u015bwiadcz\u0105cym us\u0142ugi: projektowe, pomiarowe, monterskie, wsparcia dla system\u00f3w informatycznych s\u0142u\u017c\u0105cych do obs\u0142ugi klient\u00f3w,\u00a0 marketingowe itp.\u00a0 Takie podmioty przetwarzaj\u0105 dane na podstawie zawartych um\u00f3w, zgodnie z obowi\u0105zuj\u0105cymi przepisami prawa w zakresie ochrony danych osobowych.<\/p>\n<p><strong>\u00a0<\/strong><\/p>\n<p><strong> \u00a7 5. Pani\/Pana prawa zwi\u0105zane z przetwarzaniem danych osobowych<\/strong><\/p>\n<p>Przys\u0142uguj\u0105 Pani\/Panu nast\u0119puj\u0105ce prawa zwi\u0105zane z przetwarzaniem danych osobowych:<\/p>\n<ol>\n<li>prawo wycofania zgody na przetwarzanie danych,<\/li>\n<li>prawo dost\u0119pu do Pani\/Pana danych osobowych,<\/li>\n<li>prawo \u017c\u0105dania sprostowania Pani\/Pana danych osobowych,<\/li>\n<li>prawo \u017c\u0105dania usuni\u0119cia Pani\/Pana danych osobowych,<\/li>\n<li>prawo \u017c\u0105dania ograniczenia przetwarzania Pani\/Pana danych osobowych,<\/li>\n<li>prawo wyra\u017cenia sprzeciwu wobec przetwarzania Pani\/Pana danych ze wzgl\u0119du na Pani\/Pana szczeg\u00f3ln\u0105 sytuacj\u0119 \u2013 w przypadkach, kiedy przetwarzamy Pani\/Pana dane na podstawie naszego prawnie uzasadnionego interesu,<\/li>\n<li>prawo do przenoszenia Pani\/Pana danych osobowych, tj. prawo otrzymania od Administratora Pani\/Pana danych osobowych, w ustrukturyzowanym, powszechnie u\u017cywanym formacie informatycznym nadaj\u0105cym si\u0119 do odczytu maszynowego. Prawo do przenoszenia danych osobowych przys\u0142uguje Pani\/Panu tylko co do tych danych, kt\u00f3re przetwarzamy na podstawie umowy z Pani\/Pana lub na podstawie Pani\/Pana zgody,<\/li>\n<\/ol>\n<p>Aby skorzysta\u0107 z powy\u017cszych praw, prosz\u0119 skontaktowa\u0107 si\u0119 z Administratorem (dane kontaktowe powy\u017cej).<\/p>\n<p>Przys\u0142uguje Pani\/Panu tak\u017ce prawo wniesienia skargi do organu nadzorczego zajmuj\u0105cego si\u0119 ochron\u0105 danych osobowych, tj. Prezesa Urz\u0119du Ochrony Danych Osobowych.<\/p>\n<p><strong>\u00a0<\/strong><\/p>\n<p><strong> \u00a7 6. Przekazywanie danych poza Europejski Obszar Gospodarczy (EOG)<\/strong><\/p>\n<p>Pani\/Pana dane osobowe mog\u0105 by\u0107 przekazywane poza Europejski Obszar Gospodarczy jedynie do Google w przypadku wyra\u017cenia zgody na korzystanie z plik\u00f3w Cookies. Google jest odbiorc\u0105 certyfikowanym w ramach Tarczy Prywatno\u015bci Stan\u00f3w Zjednoczonych (Privacy Shield) co jest r\u00f3wnoznaczne z zapewnieniem odpowiednich zabezpiecze\u0144 w celu ochrony danych zgodnie z art. 46 ust. 2 RODO.<\/p>\n<p><strong>\u00a0<\/strong><\/p>\n<p><strong> \u00a7 7. Pliki Cookies<\/strong><\/p>\n<ol>\n<li>Witryna www.komandor.pl u\u017cywa cookies. S\u0105 to niewielkie pliki tekstowe wysy\u0142ane przez serwer www i przechowywane przez oprogramowanie komputera przegl\u0105darki. Kiedy przegl\u0105darka ponownie po\u0142\u0105czy si\u0119 ze stron\u0105, witryna rozpoznaje rodzaj urz\u0105dzenia, z kt\u00f3rego \u0142\u0105czy si\u0119 u\u017cytkownik. Parametry pozwalaj\u0105 na odczytanie informacji w nich zawartych jedynie serwerowi, kt\u00f3ry je utworzy\u0142. Cookies u\u0142atwiaj\u0105 wi\u0119c korzystanie z wcze\u015bniej odwiedzonych witryn.<\/li>\n<li>Gromadzone informacje dotycz\u0105 adresu IP, typu wykorzystywanej przegl\u0105darki, j\u0119zyka, rodzaju systemu operacyjnego, dostawcy us\u0142ug internetowych, informacji o czasie i dacie, lokalizacji oraz informacji przesy\u0142anych do witryny za po\u015brednictwem formularza kontaktowego.<\/li>\n<li>Zebrane dane s\u0142u\u017c\u0105 do monitorowania i sprawdzenia, w jaki spos\u00f3b u\u017cytkownicy korzystaj\u0105 z naszych witryn, aby usprawnia\u0107 funkcjonowanie serwisu zapewniaj\u0105c bardziej efektywn\u0105 i bezproblemow\u0105 nawigacj\u0119. Monitorowania informacji o u\u017cytkownikach dokonujemy korzystaj\u0105c z narz\u0119dzia Google Analitics, kt\u00f3re rejestruje zachowanie u\u017cytkownika na stronie.<\/li>\n<li>Cookies identyfikuje u\u017cytkownika, co pozwala na dopasowanie tre\u015bci witryny, z kt\u00f3rej korzysta, do jego potrzeb. Zapami\u0119tuj\u0105c jego preferencje, umo\u017cliwia odpowiednie dopasowanie skierowanych do niego reklam. Stosujemy pliki cookies, aby zagwarantowa\u0107 najwy\u017cszy standard wygody naszego serwisu, a zebrane dane s\u0105 wykorzystywane jedynie wewn\u0105trz firmy KOMANDOR \u015aL\u0104SK S.A. w celu optymalizacji dzia\u0142a\u0144.<\/li>\n<li>Na naszej witrynie wykorzystujemy nast\u0119puj\u0105ce pliki cookies:<\/li>\n<\/ol>\n<p>&nbsp;<\/p>\n<table width=\"100%\">\n<tbody>\n<tr>\n<td>NAZWA CIASTECZKA<\/td>\n<td>TERMIN WYGA\u015aNI\u0118CIA PLIKU CIASTECZKA<\/td>\n<td>OPIS I ZASTOSOWANIE PLIKU CIASTECZKA<\/td>\n<\/tr>\n<tr>\n<td>__unam<\/td>\n<td>6 miesi\u0119cy<\/td>\n<td>Ten plik cookie utworzony przez Google Analytics jest u\u017cywany do okre\u015blania nowych sesji \/ odwiedzin, generuje statystyki dotycz\u0105ce ruchu w witrynie.<\/td>\n<\/tr>\n<tr>\n<td>__utma<\/td>\n<td>2 lata<\/td>\n<td>Ten zewn\u0119trzny plik ciasteczko utworzony przez Google Analytics s\u0142u\u017cy do rozr\u00f3\u017cniania u\u017cytkownik\u00f3w i sesji oraz generowania danych statystycznych dotycz\u0105cych ruchu w witrynie.<\/td>\n<\/tr>\n<tr>\n<td>__utmz<\/td>\n<td>6 miesi\u0119cy<\/td>\n<td>Ten w\u0142asny plik ciasteczko utworzony przez Google Analytics s\u0142u\u017cy do identyfikowania \u017ar\u00f3d\u0142a ruchu na stronie lub kampanii, w celu uzyskania informacji o tym, w jaki spos\u00f3b u\u017cytkownik trafi\u0142 na stron\u0119.<\/td>\n<\/tr>\n<tr>\n<td>_ga<\/td>\n<td>2 lata<\/td>\n<td>Ten zewn\u0119trzny plik ciasteczko Google Analytics s\u0142u\u017cy do rozr\u00f3\u017cniania u\u017cytkownik\u00f3w na potrzeby gromadzenia informacji na temat odwiedzin na stronie. Ten plik ciasteczko pomaga nam identyfikowa\u0107 obszary witryny, kt\u00f3re wymagaj\u0105 udoskonalenia. Plik ciasteczko _ga nie pozwala na identyfikacj\u0119 osobow\u0105 u\u017cytkownika, poniewa\u017c nie s\u0105 \u015bledzone \u017cadne informacje ani dane osobowe.<\/td>\n<\/tr>\n<tr>\n<td>_gid<\/td>\n<td>24 godziny<\/td>\n<td>Ten plik ciasteczko Google Analytics s\u0142u\u017cy do rozr\u00f3\u017cniania u\u017cytkownik\u00f3w na potrzeby gromadzenia informacji na temat odwiedzin na stronie.<\/td>\n<\/tr>\n<tr>\n<td><\/td>\n<td><\/td>\n<td><\/td>\n<\/tr>\n<\/tbody>\n<\/table>\n<p>&nbsp;<\/p>\n<table width=\"658\">\n<tbody>\n<tr>\n<td width=\"147\">wp-settings-<\/td>\n<td width=\"128\">1 rok<\/td>\n<td width=\"375\">Ciasteczko wykorzystywane przez CMS Serwisu \u2013 system WordPress do celu zapami\u0119tania ustawie\u0144 panelu administracyjnego<\/td>\n<\/tr>\n<tr>\n<td width=\"147\">wp-settings-time<\/td>\n<td width=\"128\">1 rok<\/td>\n<td width=\"375\">Ciasteczko wykorzystywane przez CMS Serwisu \u2013 system WordPress do celu zapami\u0119tania ustawie\u0144 panelu administracyjnego<\/td>\n<\/tr>\n<tr>\n<td width=\"147\">Viewed_cookie_policy<\/td>\n<td width=\"128\">1 rok<\/td>\n<td width=\"375\">Ten w\u0142asny plik ciasteczko s\u0142u\u017cy do odnotowania zgody u\u017cytkownika na wykorzystanie plik\u00f3w ciasteczko w trakcie przegl\u0105dania witryny. Dzi\u0119ki temu plikowi ciasteczko baner z informacj\u0105 o plikach ciasteczko nie jest wy\u015bwietlany przy ka\u017cdej wizycie u\u017cytkownika w naszej witrynie. Ten plik ciasteczko nie s\u0142u\u017cy do \u015bledzenia informacji osobowych u\u017cytkownika.<\/td>\n<\/tr>\n<\/tbody>\n<\/table>\n<p>&nbsp;<\/p>\n<ol start=\"6\">\n<li>U\u017cytkownik w ka\u017cdej chwili ma mo\u017cliwo\u015b\u0107 wy\u0142\u0105czenia lub przywr\u00f3cenia opcji gromadzenia cookies poprzez zmian\u0119 ustawie\u0144 w przegl\u0105darce internetowej. Jak zmienia si\u0119 ustawienia w najbardziej popularnych wyszukiwarkach:<\/li>\n<\/ol>\n<ul>\n<li>Google Chrome<\/li>\n<\/ul>\n<p>Nale\u017cy klikn\u0105\u0107 na menu (w prawym g\u00f3rnym rogu), zak\u0142adka Ustawienia &gt; Poka\u017c ustawienia zaawansowane. W sekcji \u201ePrywatno\u015b\u0107\u201d trzeba klikn\u0105\u0107 przycisk Ustawienia tre\u015bci. W sekcji \u201ePliki cookie\u201d mo\u017cna zmieni\u0107 nast\u0119puj\u0105ce ustawienia plik\u00f3w Cookie:<\/p>\n<p>o Usuwanie plik\u00f3w Cookies,<\/p>\n<p>o Domy\u015blne blokowanie plik\u00f3w Cookies,<\/p>\n<p>o Domy\u015blne zezwalanie na pliki Cookies,<\/p>\n<p>o Domy\u015blne zachowywanie plik\u00f3w Cookies i danych stron do zamkni\u0119cia przegl\u0105darki<\/p>\n<p>o Okre\u015blanie wyj\u0105tk\u00f3w dla plik\u00f3w Cookies z konkretnych witryn lub domen<\/p>\n<ul>\n<li>Internet Explorer<\/li>\n<\/ul>\n<p>Z menu przegl\u0105darki (prawy g\u00f3rny r\u00f3g): Narz\u0119dzia &gt; Opcje Internetowe &gt; Prywatno\u015b\u0107, przycisk Witryny. Suwakiem ustawiamy poziom, zmian\u0119 zatwierdzamy przyciskiem OK.<\/p>\n<ul>\n<li>Mozilla Firefox<\/li>\n<\/ul>\n<p>Z menu przegl\u0105darki: Narz\u0119dzia &gt; Opcje &gt; Prywatno\u015b\u0107. Uaktywni\u0107 pole Program Firefox: \u201eb\u0119dzie u\u017cywa\u0142 ustawie\u0144 u\u017cytkownika\u201d. O ciasteczkach (cookies) decyduje zaznaczenie \u2013 b\u0105d\u017a nie \u2013 pozycji Akceptuj ciasteczka.<\/p>\n<ul>\n<li>Opera<\/li>\n<\/ul>\n<p>Z menu przegl\u0105darki: Narz\u0119dzie &gt; Preferencje &gt; Zaawansowane. O ciasteczkach decyduje zaznaczenie \u2013 b\u0105d\u017a nie \u2013 pozycji Ciasteczka.<\/p>\n<ul>\n<li>Safari<\/li>\n<\/ul>\n<p>W menu rozwijanym Safari trzeba wybra\u0107 Preferencje i klikn\u0105\u0107 ikon\u0119 Bezpiecze\u0144stwo.<\/p>\n<p>W tym miejscu wybiera si\u0119 poziom bezpiecze\u0144stwa w obszarze ,,Akceptuj pliki cookie\u201d.<\/p>\n<p>Dodatkowe dane osobowe, jak adres e-mail, imi\u0119 nazwisko, adres, telefon zbierane s\u0105 jedynie w miejscach, w kt\u00f3rych u\u017cytkownik wype\u0142niaj\u0105c formularz wyra\u017anie wyrazi\u0142 na to zgod\u0119.<\/p>\n<p><strong>\u00a0<\/strong><\/p>\n<p><strong> \u00a7 8. Logi systemowe<\/strong>.<\/p>\n<p>Logi system\u00f3w, czyli rejestr zdarze\u0144 &#8211; utworzony w chronologicznej kolejno\u015bci zapis informacji o zdarzeniach i dzia\u0142aniach dotycz\u0105cych strony WWW. Zawieraj\u0105 one takie dane jak adres IP, z kt\u00f3rego nast\u0105pi\u0142o wej\u015bcie na dan\u0105 podstron\u0119, adres tej strony oraz czas po\u0142\u0105czenia. Logi system\u00f3w wykorzystywane s\u0105 przez Nas w szczeg\u00f3lno\u015bci w celach statystycznych. Analiza log\u00f3w system\u00f3w pozwala tak\u017ce na zidentyfikowanie zagro\u017ce\u0144 zwi\u0105zanych z bezpiecze\u0144stwem<\/p>\n<p><strong>\u00a0<\/strong><\/p>\n<p><strong> \u00a7 9. Profilowanie i zautomatyzowane podejmowanie decyzji<\/strong><\/p>\n<p>Pa\u0144stwa dane b\u0119d\u0105 przetwarzane przez Administratora w spos\u00f3b zautomatyzowany, jednak\u017ce nie b\u0119dzie to wywo\u0142ywa\u0107 wobec Pa\u0144stwa \u017cadnych skutk\u00f3w prawnych lub w podobny spos\u00f3b istotnie wp\u0142ywa\u0107 na Pa\u0144stwa sytuacj\u0119.<\/p>\n<p>Profilowanie danych osobowych przez Administratora polega na przetwarzaniu Pa\u0144stwa danych (r\u00f3wnie\u017c w spos\u00f3b zautomatyzowany), poprzez wykorzystywanie ich do oceny niekt\u00f3rych informacji w celach statystycznych, monitorowania ruchu na Stronie Internetowej oraz analiz marketingowych.<\/p>\n<p><strong>\u00a0<\/strong><\/p>\n<p><strong> \u00a7 10. Uaktualnienia Polityki Prywatno\u015bci<\/strong><\/p>\n<p>Strona Internetowa zastrzega sobie prawo zmiany polityki prywatno\u015bci, o ile b\u0119dzie wymaga\u0107 tego obowi\u0105zuj\u0105ce prawo, ulegn\u0105 zmianie warunki technologiczne funkcjonowania Strony Internetowej lub zmiana b\u0119dzie wprowadza\u0107 standard wy\u017cszy od minimum wymaganego prawem.<\/p>\n<p>&nbsp;<\/p>\n","protected":false},"excerpt":{"rendered":"<p><strong> \u00a7 1. Postanowienia og\u00f3lne<\/strong><\/p>\n<ol>\n<li>Niniejsza Polityka Prywatno\u015bci okre\u015bla zasady przetwarzania i ochrony danych osobowych przekazanych przez Klient\u00f3w w zwi\u0105zku z korzystaniem przez nich z witryny internetowej www.komandor.pl<\/li>\n<li>Komandor \u015al\u0105sk S.A. dok\u0142ada wszelkich stara\u0144 celem zapewnienia poszanowania prywatno\u015bci i ochrony informacji osobowych udzielonych przez Klient\u00f3w podczas korzystania ze strony internetowej oraz w tym celu podejmuje wszelkie niezb\u0119dne dzia\u0142ania.<\/li>\n<\/ol>\n<p>&nbsp;<\/p>\n<p><strong> \u00a7 2. Administrator danych osobowych<\/strong><\/p>\n<p>Administratorem Pani\/Pana danych osobowych b\u0119dzie Komandor SA z siedzib\u0105 w Radomiu.<\/p>\n","protected":false},"author":1,"featured_media":0,"parent":0,"menu_order":0,"comment_status":"closed","ping_status":"closed","template":"","meta":[],"_links":{"self":[{"href":"https:\/\/hurtownia.komandor.pl\/swietokrzyskie\/wp-json\/wp\/v2\/pages\/3950"}],"collection":[{"href":"https:\/\/hurtownia.komandor.pl\/swietokrzyskie\/wp-json\/wp\/v2\/pages"}],"about":[{"href":"https:\/\/hurtownia.komandor.pl\/swietokrzyskie\/wp-json\/wp\/v2\/types\/page"}],"author":[{"embeddable":true,"href":"https:\/\/hurtownia.komandor.pl\/swietokrzyskie\/wp-json\/wp\/v2\/users\/1"}],"replies":[{"embeddable":true,"href":"https:\/\/hurtownia.komandor.pl\/swietokrzyskie\/wp-json\/wp\/v2\/comments?post=3950"}],"version-history":[{"count":5,"href":"https:\/\/hurtownia.komandor.pl\/swietokrzyskie\/wp-json\/wp\/v2\/pages\/3950\/revisions"}],"predecessor-version":[{"id":6861,"href":"https:\/\/hurtownia.komandor.pl\/swietokrzyskie\/wp-json\/wp\/v2\/pages\/3950\/revisions\/6861"}],"wp:attachment":[{"href":"https:\/\/hurtownia.komandor.pl\/swietokrzyskie\/wp-json\/wp\/v2\/media?parent=3950"}],"curies":[{"name":"wp","href":"https:\/\/api.w.org\/{rel}","templated":true}]}}