
{"id":4078,"date":"2017-09-20T09:14:47","date_gmt":"2017-09-20T07:14:47","guid":{"rendered":"http:\/\/hurtownia.komandor.slask.pl\/?page_id=4078"},"modified":"2018-12-13T15:39:07","modified_gmt":"2018-12-13T14:39:07","slug":"obrobka-szkla","status":"publish","type":"page","link":"https:\/\/hurtownia.komandor.pl\/swietokrzyskie\/obrobka-szkla\/","title":{"rendered":"Obr\u00f3bka szk\u0142a"},"content":{"rendered":"<h1>Us\u0142ugi szklarskie w \u015al\u0105skiej Hurtowni Komandor<\/h1>\n<p>W styczniu 2014 roku \u015al\u0105ska Hurtownia Komandor rozbudowa\u0142a sw\u00f3j park maszynowy o dwa nowoczesne urz\u0105dzenia dedykowane do obr\u00f3bki szk\u0142a. Pragniemy wychodzi\u0107 naprzeciw oczekiwaniom naszych klient\u00f3w, dlatego niezwykle wa\u017cna jest dla nas wysoka jako\u015b\u0107 oferowanych przez nas us\u0142ug szklarskich. Na ich poziom bez w\u0105tpienia wp\u0142ywa r\u00f3wnie\u017c wsp\u00f3\u0142praca wy\u0142\u0105cznie z renomowanymi producentami szk\u0142a.<\/p>\n<h3>Szlifowanie szk\u0142a<\/h3>\n<p>W trakcie ci\u0119cia powierzchni szklanych istnieje ryzyko pojawiania si\u0119 mikrop\u0119kni\u0119\u0107, kt\u00f3re zwi\u0119ksza prawdopodobie\u0144stwo p\u0119kni\u0119cia ca\u0142ej tafli. Szlifowanie ma na celu zminimalizowanie wyst\u0119powania tego typu uszkodze\u0144 oraz wyr\u00f3wnanie kraw\u0119dzi.<\/p>\n<p>Oferujemy szlifowanie luster, szyb oraz <a href=\"https:\/\/hurtownia.komandor.pl\/swietokrzyskie\/szklo\/szklo-kolorowe-colorimo\/\">szk\u0142a kolorowego Colorimo<\/a> zakupionych w naszej Hurtowni. Korzystaj\u0105c z oferowanych przez nas us\u0142ug szklarskich takich jak szlifowanie masz gwarancj\u0119, i\u017c Twoja szyba pozostanie ca\u0142e i g\u0142adka.<\/p>\n<h3>Wycinanie otwor\u00f3w<\/h3>\n<p>\u015awiadczymy tak\u017ce us\u0142ugi szklarskie polegaj\u0105ce na wycinaniu otwor\u00f3w w kilku \u015brednicach do wyboru. Dzi\u0119ki stosowaniu wy\u0142\u0105cznie zaawansowanych technologii i du\u017cemu do\u015bwiadczeniu naszych pracownik\u00f3w mamy mo\u017cliwo\u015b\u0107 zagwarantowania najwy\u017cszej precyzji wierce\u0144.<\/p>\n<p>W naszej Hurtowni mo\u017cna r\u00f3wnie\u017c zakupi\u0107 profesjonalne \u015brodki do klejenia szk\u0142a, luster oraz grafiki.<\/p>\n<h2>Us\u0142ugi szklarskie w Katowicach i Krakowie<\/h2>\n<p>Wybieraj\u0105c Hurtowni\u0119 Komandor masz gwarancj\u0119, \u017ce zam\u00f3wione przez Ciebie us\u0142ugi szklarskie b\u0119d\u0105 wykonane profesjonalnie i na czas. Co wi\u0119cej nasi specjali\u015bci z ch\u0119ci\u0105 pomog\u0105 Ci na ka\u017cdym etapie realizacji zam\u00f3wienia. Krak\u00f3w i Katowice to g\u0142\u00f3wne miasta, kt\u00f3re obs\u0142ugujemy. Zach\u0119camy jednak tak\u017ce klient\u00f3w z innych miast do skorzystania z naszych us\u0142ug.<\/p>\n<p>&nbsp;<\/p>\n<p>&nbsp;<\/p>\n","protected":false},"excerpt":{"rendered":"<h1>Us\u0142ugi szklarskie w \u015al\u0105skiej Hurtowni Komandor<\/h1>\n<p>W styczniu 2014 roku \u015al\u0105ska Hurtownia Komandor rozbudowa\u0142a sw\u00f3j park maszynowy o dwa nowoczesne urz\u0105dzenia dedykowane do obr\u00f3bki szk\u0142a. Pragniemy wychodzi\u0107 naprzeciw oczekiwaniom naszych klient\u00f3w, dlatego niezwykle wa\u017cna jest dla nas wysoka jako\u015b\u0107 oferowanych przez nas us\u0142ug szklarskich. Na ich poziom bez w\u0105tpienia wp\u0142ywa r\u00f3wnie\u017c wsp\u00f3\u0142praca wy\u0142\u0105cznie z renomowanymi producentami szk\u0142a.<\/p>\n<h3>Szlifowanie szk\u0142a<\/h3>\n<p>W trakcie ci\u0119cia powierzchni szklanych istnieje ryzyko pojawiania si\u0119 mikrop\u0119kni\u0119\u0107,<\/p>\n","protected":false},"author":1,"featured_media":0,"parent":0,"menu_order":0,"comment_status":"closed","ping_status":"closed","template":"","meta":[],"_links":{"self":[{"href":"https:\/\/hurtownia.komandor.pl\/swietokrzyskie\/wp-json\/wp\/v2\/pages\/4078"}],"collection":[{"href":"https:\/\/hurtownia.komandor.pl\/swietokrzyskie\/wp-json\/wp\/v2\/pages"}],"about":[{"href":"https:\/\/hurtownia.komandor.pl\/swietokrzyskie\/wp-json\/wp\/v2\/types\/page"}],"author":[{"embeddable":true,"href":"https:\/\/hurtownia.komandor.pl\/swietokrzyskie\/wp-json\/wp\/v2\/users\/1"}],"replies":[{"embeddable":true,"href":"https:\/\/hurtownia.komandor.pl\/swietokrzyskie\/wp-json\/wp\/v2\/comments?post=4078"}],"version-history":[{"count":8,"href":"https:\/\/hurtownia.komandor.pl\/swietokrzyskie\/wp-json\/wp\/v2\/pages\/4078\/revisions"}],"predecessor-version":[{"id":7370,"href":"https:\/\/hurtownia.komandor.pl\/swietokrzyskie\/wp-json\/wp\/v2\/pages\/4078\/revisions\/7370"}],"wp:attachment":[{"href":"https:\/\/hurtownia.komandor.pl\/swietokrzyskie\/wp-json\/wp\/v2\/media?parent=4078"}],"curies":[{"name":"wp","href":"https:\/\/api.w.org\/{rel}","templated":true}]}}