
{"id":4081,"date":"2017-09-26T12:22:30","date_gmt":"2017-09-26T10:22:30","guid":{"rendered":"http:\/\/hurtownia.komandor.slask.pl\/?page_id=4081"},"modified":"2020-12-17T16:19:16","modified_gmt":"2020-12-17T15:19:16","slug":"uslugi-stolarskie","status":"publish","type":"page","link":"https:\/\/hurtownia.komandor.pl\/swietokrzyskie\/uslugi-stolarskie\/","title":{"rendered":"Us\u0142ugi stolarskie"},"content":{"rendered":"<p>W uzupe\u0142nieniu szerokiej oferty handlowej \u015bwiadczymy r\u00f3wnie\u017c <strong>profesjonalne us\u0142ugi stolarskie<\/strong>. Nasz\u0105 dewiz\u0105 jest fachowa i kompleksowa obs\u0142uga ka\u017cdego Klienta.<\/p>\n<p>Stworzyli\u015bmy dla Ciebie us\u0142ugi dzi\u0119ki kt\u00f3rym, mo\u017cesz wykonywa\u0107 meble na najwy\u017cszym poziomie.\u00a0Jeste\u015bmy firm\u0105 z 25- letnim do\u015bwiadczeniem i mamy \u015bwiadomo\u015b\u0107, \u017ce wysoka jako\u015b\u0107 si\u0119 op\u0142aca.\u00a0<strong>Jeste\u015bmy dumni, \u017ce nasz park maszynowy wyposa\u017cony jest w sprz\u0119t najwy\u017cszej klasy i ci\u0105gle si\u0119 powi\u0119ksza.<\/strong> W skr\u00f3cie przedstawiamy Ci tylko niekt\u00f3re z nich jakie mo\u017cesz u nas wykona\u0107.<\/p>\n<h3>Oklejanie Airtec<\/h3>\n<p>Technologia, kt\u00f3r\u0105 wykorzystuje obrabiarka, sprawia, \u017ce spoina klejowa mi\u0119dzy obrze\u017cem a powierzchni\u0105 oklejanego materia\u0142u jest niewidoczna.\u00a0Gotowe meble powsta\u0142e przy jej udziale s\u0105 bardziej wytrzyma\u0142e i odporne na dzia\u0142anie wody czy wilgoci.<strong>\u00a0Okleiniarka z agregatem \u201eAirTec\u201d dostarczona przez firm\u0119 Homag stanowi odpowiednik oklejania laserowego.<\/strong>\u00a0W tej technologii za pomoc\u0105 gor\u0105cego spr\u0119\u017conego powietrza reaktywowana jest funkcjonalna warstwa obrze\u017ca, co pozwala wyeliminowa\u0107 fug\u0119 klejow\u0105.\u00a0Do produkcji wykorzystywane s\u0105 specjalne obrze\u017ca, kt\u00f3re sk\u0142adaj\u0105 si\u0119 z twardej warstwy dekoracyjnej i nadtapianej warstwy u\u017cytkowej.\u00a0Ta ostatnia przy u\u017cyciu agregatu \u201eAirTec\u201d zostaje nadtopiona, a obrze\u017ce jest wt\u0142aczane w obrabian\u0105 powierzchni\u0119 meblow\u0105.<\/p>\n<h3>Oklejanie technologi\u0105 PUR (Poliuretan) <em>okleiniarka Ambition 1600<\/em><\/h3>\n<p>Postawili\u015bmy na t\u0119 okleiniark\u0119, aby klient mia\u0142 wi\u0119ksz\u0105 mo\u017cliwo\u015b\u0107 wyboru oklejania mi\u0119dzy zwyk\u0142ym a technologi\u0105 Air-tec.\u00a0<strong>Bogaty wyb\u00f3r agregat\u00f3w, du\u017ce warto\u015bci posuwu i mocne silniki\u00a0 to cechy, kt\u00f3re wyr\u00f3\u017cniaj\u0105 t\u0119 maszyn\u0119.<\/strong> System nanoszenia kleju pozwala na wyb\u00f3r koloru i rodzaju kleju (EVA, PUR).\u00a0Ponadto wielofunkcyjne frezowanie kszta\u0142towe zapewnia szybk\u0105 obr\u00f3bk\u0119 promieni i obrze\u017cy wzd\u0142u\u017cnych.\u00a0W przypadku szybko zmieniaj\u0105cych si\u0119 materia\u0142\u00f3w stosuje si\u0119 wielostopniowe frezy oraz wielostopniowe no\u017ce wyg\u0142adzaj\u0105ce.<\/p>\n<h3>Wiercenie otwor\u00f3w \u2013 Pionowe centrum obr\u00f3bcze <em>Weeke Optimat BHX 055<\/em><\/h3>\n<p>Jest to najnowocze\u015bniejsza wiertarka sterowana numerycznie, pozwalaj\u0105ca wierci\u0107 otwory i frezowa\u0107 formatki meblowe z ogromn\u0105 precyzj\u0105.\u00a0Us\u0142uga ta polega na wywierceniu otworu o \u015brednicy 35 mm i g\u0142\u0119boko\u015bci 13 mm oraz dw\u00f3ch otwor\u00f3w \u015brednicy 2 mm i g\u0142\u0119boko\u015bci 1 mm (umo\u017cliwiaj\u0105cych w\u0142a\u015bciwie wkr\u0119cenie wkr\u0119t\u00f3w mocuj\u0105cych zawias).<\/p>\n<h3>Poza tym wykonujemy standardowe us\u0142ugi stolarskie:<\/h3>\n<ul>\n<li>ci\u0119cie proste i krzywoliniowe<\/li>\n<li>okleinowanie proste i krzywoliniowe<\/li>\n<li>rafiksowanie (niewidoczne \u0142\u0105czenie p\u0142yt)<\/li>\n<li>okuwanie skrzyde\u0142 do system\u00f3w przesuwnych<\/li>\n<li>zacinanie blat\u00f3w do \u0142\u0105czenia<\/li>\n<li>wycinanie otwor\u00f3w pod zlew, p\u0142yt\u0119 grzewcz\u0105.<\/li>\n<\/ul>\n<h3>\u015al\u0105ska Hurtownia Komandor dostarcza nie tylko do Krakowa i Katowic<\/h3>\n<p>Krak\u00f3w i Katowice to miasta, w kt\u00f3rych nasza Hurtownia oferuje firmowy transport, dzi\u0119ki czemu szybko i sprawnie mo\u017cemy dostarcza\u0107 do klient\u00f3w ich zam\u00f3wienia. Jeste\u015b spoza \u015bl\u0105ska lub ma\u0142opolski? Nic straconego! Mo\u017cesz skorzysta\u0107 z opcji dostawy kurierem.<\/p>\n","protected":false},"excerpt":{"rendered":"<p>W uzupe\u0142nieniu szerokiej oferty handlowej \u015bwiadczymy r\u00f3wnie\u017c <strong>profesjonalne us\u0142ugi stolarskie<\/strong>. Nasz\u0105 dewiz\u0105 jest fachowa i kompleksowa obs\u0142uga ka\u017cdego Klienta.<\/p>\n<p>Stworzyli\u015bmy dla Ciebie us\u0142ugi dzi\u0119ki kt\u00f3rym, mo\u017cesz wykonywa\u0107 meble na najwy\u017cszym poziomie.\u00a0Jeste\u015bmy firm\u0105 z 25- letnim do\u015bwiadczeniem i mamy \u015bwiadomo\u015b\u0107, \u017ce wysoka jako\u015b\u0107 si\u0119 op\u0142aca.\u00a0<strong>Jeste\u015bmy dumni, \u017ce nasz park maszynowy wyposa\u017cony jest w sprz\u0119t najwy\u017cszej klasy i ci\u0105gle si\u0119 powi\u0119ksza.<\/strong> W skr\u00f3cie przedstawiamy Ci tylko niekt\u00f3re z nich jakie mo\u017cesz u nas wykona\u0107.<\/p>\n","protected":false},"author":1,"featured_media":0,"parent":0,"menu_order":0,"comment_status":"closed","ping_status":"closed","template":"","meta":[],"_links":{"self":[{"href":"https:\/\/hurtownia.komandor.pl\/swietokrzyskie\/wp-json\/wp\/v2\/pages\/4081"}],"collection":[{"href":"https:\/\/hurtownia.komandor.pl\/swietokrzyskie\/wp-json\/wp\/v2\/pages"}],"about":[{"href":"https:\/\/hurtownia.komandor.pl\/swietokrzyskie\/wp-json\/wp\/v2\/types\/page"}],"author":[{"embeddable":true,"href":"https:\/\/hurtownia.komandor.pl\/swietokrzyskie\/wp-json\/wp\/v2\/users\/1"}],"replies":[{"embeddable":true,"href":"https:\/\/hurtownia.komandor.pl\/swietokrzyskie\/wp-json\/wp\/v2\/comments?post=4081"}],"version-history":[{"count":10,"href":"https:\/\/hurtownia.komandor.pl\/swietokrzyskie\/wp-json\/wp\/v2\/pages\/4081\/revisions"}],"predecessor-version":[{"id":8994,"href":"https:\/\/hurtownia.komandor.pl\/swietokrzyskie\/wp-json\/wp\/v2\/pages\/4081\/revisions\/8994"}],"wp:attachment":[{"href":"https:\/\/hurtownia.komandor.pl\/swietokrzyskie\/wp-json\/wp\/v2\/media?parent=4081"}],"curies":[{"name":"wp","href":"https:\/\/api.w.org\/{rel}","templated":true}]}}