
{"id":4222,"date":"2017-10-06T13:36:31","date_gmt":"2017-10-06T11:36:31","guid":{"rendered":"http:\/\/hurtownia.komandor.slask.pl\/?page_id=4222"},"modified":"2018-09-24T11:14:15","modified_gmt":"2018-09-24T09:14:15","slug":"opcje-dostawy","status":"publish","type":"page","link":"https:\/\/hurtownia.komandor.pl\/swietokrzyskie\/opcje-dostawy\/","title":{"rendered":"Opcje dostawy"},"content":{"rendered":"<p><strong>1.Wysy\u0142ka firm\u0105 kuriersk\u0105.<br \/>\n<\/strong>Towar wysy\u0142amy za po\u015brednictwem kuriera DPD, InPost oraz TNT. Koszt transportu uzale\u017cniony jest od wagi i wymiar\u00f3w paczki. Op\u0142aty za opakowanie wliczone s\u0105 w koszty wysy\u0142ki. Ca\u0142kowity koszt transportu mo\u017ce ulec zmianie ze wzgl\u0119du na wag\u0119 przesy\u0142ki lub ilo\u015b\u0107 zam\u00f3wionych towar\u00f3w.<\/p>\n<p>W przypadku zakupu wi\u0119kszej ilo\u015bci asortymentu koszt wysy\u0142ki ustalany jest indywidualnie.<\/p>\n<p>Zalecamy klientom zakup kilku produkt\u00f3w w jednym koszyku pozwoli to unikn\u0105\u0107 powielania koszt\u00f3w transportu.<\/p>\n<p>Wysy\u0142any towar jest odpowiednio opakowany i zabezpieczony. Przed odbiorem prosimy o sprawdzenie przesy\u0142ki. W przypadku jej uszkodzenia podczas transportu, prosimy o sporz\u0105dzenie przy kurierze protoko\u0142u szkody i skontaktowanie si\u0119 z naszym dzia\u0142em handlowym.<\/p>\n<p>Zam\u00f3wienia sk\u0142adane przed godzin\u0105 10:00, b\u0119d\u0105 realizowane jeszcze tego samego dnia, z wyj\u0105tkiem zakupu towaru na zam\u00f3wienie.<\/p>\n<p><strong>2. Transport HK<br \/>\n<\/strong>Informacje zwi\u0105zane z transportem oferowanym przez Hurtowni\u0119 Komandor znajd\u0105 Pa\u0144stwu <a href=\"\/transport\/\">tutaj<\/a>.<\/p>\n<p><strong>3. Odbi\u00f3r osobisty<br \/>\n<\/strong>Zach\u0119camy do osobistego odbioru zam\u00f3wionego przez Pa\u0144stwa towaru, w godzinach pracy hurtowni, w dw\u00f3ch oddzia\u0142ach w Katowicach i w Krakowie.<\/p>\n","protected":false},"excerpt":{"rendered":"<p><strong>1.Wysy\u0142ka firm\u0105 kuriersk\u0105.<br \/>\n<\/strong>Towar wysy\u0142amy za po\u015brednictwem kuriera DPD, InPost oraz TNT. Koszt transportu uzale\u017cniony jest od wagi i wymiar\u00f3w paczki. Op\u0142aty za opakowanie wliczone s\u0105 w koszty wysy\u0142ki. Ca\u0142kowity koszt transportu mo\u017ce ulec zmianie ze wzgl\u0119du na wag\u0119 przesy\u0142ki lub ilo\u015b\u0107 zam\u00f3wionych towar\u00f3w.<\/p>\n<p>W przypadku zakupu wi\u0119kszej ilo\u015bci asortymentu koszt wysy\u0142ki ustalany jest indywidualnie.<\/p>\n<p>Zalecamy klientom zakup kilku produkt\u00f3w w jednym koszyku pozwoli to unikn\u0105\u0107 powielania koszt\u00f3w transportu.<\/p>\n","protected":false},"author":1,"featured_media":0,"parent":0,"menu_order":0,"comment_status":"closed","ping_status":"closed","template":"","meta":[],"_links":{"self":[{"href":"https:\/\/hurtownia.komandor.pl\/swietokrzyskie\/wp-json\/wp\/v2\/pages\/4222"}],"collection":[{"href":"https:\/\/hurtownia.komandor.pl\/swietokrzyskie\/wp-json\/wp\/v2\/pages"}],"about":[{"href":"https:\/\/hurtownia.komandor.pl\/swietokrzyskie\/wp-json\/wp\/v2\/types\/page"}],"author":[{"embeddable":true,"href":"https:\/\/hurtownia.komandor.pl\/swietokrzyskie\/wp-json\/wp\/v2\/users\/1"}],"replies":[{"embeddable":true,"href":"https:\/\/hurtownia.komandor.pl\/swietokrzyskie\/wp-json\/wp\/v2\/comments?post=4222"}],"version-history":[{"count":2,"href":"https:\/\/hurtownia.komandor.pl\/swietokrzyskie\/wp-json\/wp\/v2\/pages\/4222\/revisions"}],"predecessor-version":[{"id":4224,"href":"https:\/\/hurtownia.komandor.pl\/swietokrzyskie\/wp-json\/wp\/v2\/pages\/4222\/revisions\/4224"}],"wp:attachment":[{"href":"https:\/\/hurtownia.komandor.pl\/swietokrzyskie\/wp-json\/wp\/v2\/media?parent=4222"}],"curies":[{"name":"wp","href":"https:\/\/api.w.org\/{rel}","templated":true}]}}