
{"id":4226,"date":"2017-10-06T13:48:54","date_gmt":"2017-10-06T11:48:54","guid":{"rendered":"http:\/\/hurtownia.komandor.slask.pl\/?page_id=4226"},"modified":"2018-10-18T15:57:45","modified_gmt":"2018-10-18T13:57:45","slug":"formy-platnosci","status":"publish","type":"page","link":"https:\/\/hurtownia.komandor.pl\/swietokrzyskie\/formy-platnosci\/","title":{"rendered":"Formy p\u0142atno\u015bci"},"content":{"rendered":"<p><strong>1. Przelew na konto bankowe<br \/>\n<\/strong>Forma p\u0142atno\u015bci dla Klient\u00f3w preferuj\u0105cych samodzielne logowanie do banku internetowego, wizyt\u0119 w plac\u00f3wce banku lub na poczcie. Po zarezerwowaniu zam\u00f3wionego towaru, klient wp\u0142aca w\u0142a\u015bciw\u0105 kwot\u0119 na rachunek bankowy. Z chwil\u0105 zaksi\u0119gowania wp\u0142aty na rachunku zam\u00f3wienie jest przekazywane do magazynu w celu przygotowania wysy\u0142ki.<\/p>\n<p>Dane do przelewu:<br \/>\n<strong>KOMANDOR \u015aL\u0104SK S.A. ul. Transportowc\u00f3w 35, 40-403 Katowice<\/strong><br \/>\n<strong>BG\u017b BNP PARIBAS SA 44 1600 1055 0002 3212 2282 7001<\/strong><\/p>\n<p>Zam\u00f3wienia sk\u0142adane przed godzin\u0105 10:00, b\u0119d\u0105 realizowane jeszcze tego samego dnia, z wyj\u0105tkiem zakupu towaru na zam\u00f3wienie.<\/p>\n<p><strong>2. Przelew elektroniczny PayU<br \/>\n<\/strong>Zam\u00f3wienia sk\u0142adane przed godzin\u0105 10:00, b\u0119d\u0105 realizowane jeszcze tego samego dnia, z wyj\u0105tkiem zakupu towaru na zam\u00f3wienie.<\/p>\n<p><strong>3. P\u0142atno\u015b\u0107 w siedzibie firmy przy odbiorze osobistym.<\/strong><\/p>\n","protected":false},"excerpt":{"rendered":"<p><strong>1. Przelew na konto bankowe<br \/>\n<\/strong>Forma p\u0142atno\u015bci dla Klient\u00f3w preferuj\u0105cych samodzielne logowanie do banku internetowego, wizyt\u0119 w plac\u00f3wce banku lub na poczcie. Po zarezerwowaniu zam\u00f3wionego towaru, klient wp\u0142aca w\u0142a\u015bciw\u0105 kwot\u0119 na rachunek bankowy. Z chwil\u0105 zaksi\u0119gowania wp\u0142aty na rachunku zam\u00f3wienie jest przekazywane do magazynu w celu przygotowania wysy\u0142ki.<\/p>\n<p>Dane do przelewu:<br \/>\n<strong>KOMANDOR \u015aL\u0104SK S.A. ul. Transportowc\u00f3w 35, 40-403 Katowice<\/strong><br \/>\n<strong>BG\u017b BNP PARIBAS SA 44 1600 1055 0002 3212 2282 7001<\/strong><\/p>\n<p>Zam\u00f3wienia sk\u0142adane przed godzin\u0105 10:00,<\/p>\n","protected":false},"author":1,"featured_media":0,"parent":0,"menu_order":0,"comment_status":"closed","ping_status":"closed","template":"","meta":[],"_links":{"self":[{"href":"https:\/\/hurtownia.komandor.pl\/swietokrzyskie\/wp-json\/wp\/v2\/pages\/4226"}],"collection":[{"href":"https:\/\/hurtownia.komandor.pl\/swietokrzyskie\/wp-json\/wp\/v2\/pages"}],"about":[{"href":"https:\/\/hurtownia.komandor.pl\/swietokrzyskie\/wp-json\/wp\/v2\/types\/page"}],"author":[{"embeddable":true,"href":"https:\/\/hurtownia.komandor.pl\/swietokrzyskie\/wp-json\/wp\/v2\/users\/1"}],"replies":[{"embeddable":true,"href":"https:\/\/hurtownia.komandor.pl\/swietokrzyskie\/wp-json\/wp\/v2\/comments?post=4226"}],"version-history":[{"count":2,"href":"https:\/\/hurtownia.komandor.pl\/swietokrzyskie\/wp-json\/wp\/v2\/pages\/4226\/revisions"}],"predecessor-version":[{"id":4229,"href":"https:\/\/hurtownia.komandor.pl\/swietokrzyskie\/wp-json\/wp\/v2\/pages\/4226\/revisions\/4229"}],"wp:attachment":[{"href":"https:\/\/hurtownia.komandor.pl\/swietokrzyskie\/wp-json\/wp\/v2\/media?parent=4226"}],"curies":[{"name":"wp","href":"https:\/\/api.w.org\/{rel}","templated":true}]}}