
{"id":6697,"date":"2018-04-03T13:04:36","date_gmt":"2018-04-03T11:04:36","guid":{"rendered":"http:\/\/hurtownia.komandor.slask.pl\/?page_id=6697"},"modified":"2018-10-25T15:41:49","modified_gmt":"2018-10-25T13:41:49","slug":"fronty-firmy-wiech","status":"publish","type":"page","link":"https:\/\/hurtownia.komandor.pl\/swietokrzyskie\/fronty-firmy-wiech\/","title":{"rendered":"Fronty firmy Wiech"},"content":{"rendered":"<p>Firma Wiech zajmuje si\u0119 <strong>produkcj\u0105 front\u00f3w meblowych na indywidualne zam\u00f3wienie klienta.<\/strong> Podstawowym surowcem jest p\u0142yta MDF, kt\u00f3ra poddawana jest obr\u00f3bce frezowania i oklejania foliami PCV oraz PET HG w technologii 3D. Pokryte foliami elementy mog\u0105 by\u0107 poddane dodatkowo procesowi patynowania i lakierowania.<\/p>\n<p><img loading=\"lazy\" class=\"alignnone wp-image-6864 size-large\" src=\"https:\/\/hurtownia.komandor.pl\/swietokrzyskie\/wp-content\/uploads\/2018\/07\/Fronty-Wiech-1024x683.jpg\" alt=\"fronty meblowe WIECH w kuchni\" width=\"800\" height=\"534\" \/><\/p>\n<h3>Wyj\u0105tkowe fronty WIECH<\/h3>\n<p>Firma Wiech wykonuje r\u00f3wnie\u017c fronty w okleinach modyfikowanych i naturalnych. W sta\u0142ym asortymencie znajduj\u0105 si\u0119 fronty proste, gi\u0119te, listwy wie\u0144cz\u0105ce, coko\u0142owe, pilastry oraz szk\u0142o do witryn.<\/p>\n<p>Strona internetowa producenta: <a href=\"http:\/\/www.wiech-fronty.pl\/pl\">http:\/\/www.wiech-fronty.pl\/pl<\/a><\/p>\n<hr \/>\n<p>W celu zam\u00f3wienia front\u00f3w meblowych z firmy Wiech prosimy o kontakt z naszym dzia\u0142em handlowym &#8211; tel.: 32 730 19 33, mail: dzialhandlowy@komandor.pl.<\/p>\n","protected":false},"excerpt":{"rendered":"<p>Firma Wiech zajmuje si\u0119 <strong>produkcj\u0105 front\u00f3w meblowych na indywidualne zam\u00f3wienie klienta.<\/strong> Podstawowym surowcem jest p\u0142yta MDF, kt\u00f3ra poddawana jest obr\u00f3bce frezowania i oklejania foliami PCV oraz PET HG w technologii 3D. Pokryte foliami elementy mog\u0105 by\u0107 poddane dodatkowo procesowi patynowania i lakierowania.<\/p>\n<p><img loading=\"lazy\" class=\"alignnone wp-image-6864 size-large\" src=\"https:\/\/hurtownia.komandor.pl\/swietokrzyskie\/wp-content\/uploads\/2018\/07\/Fronty-Wiech-1024x683.jpg\" alt=\"fronty meblowe WIECH w kuchni\" width=\"800\" height=\"534\" \/><\/p>\n<h3>Wyj\u0105tkowe fronty WIECH<\/h3>\n<p>Firma Wiech wykonuje r\u00f3wnie\u017c fronty w okleinach modyfikowanych i naturalnych. W sta\u0142ym asortymencie znajduj\u0105 si\u0119 fronty proste, gi\u0119te, listwy wie\u0144cz\u0105ce, coko\u0142owe,<\/p>\n","protected":false},"author":3,"featured_media":0,"parent":0,"menu_order":0,"comment_status":"closed","ping_status":"closed","template":"","meta":[],"_links":{"self":[{"href":"https:\/\/hurtownia.komandor.pl\/swietokrzyskie\/wp-json\/wp\/v2\/pages\/6697"}],"collection":[{"href":"https:\/\/hurtownia.komandor.pl\/swietokrzyskie\/wp-json\/wp\/v2\/pages"}],"about":[{"href":"https:\/\/hurtownia.komandor.pl\/swietokrzyskie\/wp-json\/wp\/v2\/types\/page"}],"author":[{"embeddable":true,"href":"https:\/\/hurtownia.komandor.pl\/swietokrzyskie\/wp-json\/wp\/v2\/users\/3"}],"replies":[{"embeddable":true,"href":"https:\/\/hurtownia.komandor.pl\/swietokrzyskie\/wp-json\/wp\/v2\/comments?post=6697"}],"version-history":[{"count":13,"href":"https:\/\/hurtownia.komandor.pl\/swietokrzyskie\/wp-json\/wp\/v2\/pages\/6697\/revisions"}],"predecessor-version":[{"id":7243,"href":"https:\/\/hurtownia.komandor.pl\/swietokrzyskie\/wp-json\/wp\/v2\/pages\/6697\/revisions\/7243"}],"wp:attachment":[{"href":"https:\/\/hurtownia.komandor.pl\/swietokrzyskie\/wp-json\/wp\/v2\/media?parent=6697"}],"curies":[{"name":"wp","href":"https:\/\/api.w.org\/{rel}","templated":true}]}}