
{"id":6698,"date":"2018-04-03T13:04:44","date_gmt":"2018-04-03T11:04:44","guid":{"rendered":"http:\/\/hurtownia.komandor.slask.pl\/?page_id=6698"},"modified":"2018-10-25T15:46:05","modified_gmt":"2018-10-25T13:46:05","slug":"oslony-grzejnikowe","status":"publish","type":"page","link":"https:\/\/hurtownia.komandor.pl\/swietokrzyskie\/oslony-grzejnikowe\/","title":{"rendered":"Os\u0142ony grzejnikowe"},"content":{"rendered":"<p><img loading=\"lazy\" class=\"alignnone wp-image-6872 size-full\" src=\"https:\/\/hurtownia.komandor.pl\/swietokrzyskie\/wp-content\/uploads\/2018\/07\/Maskownice-Grzejnikowe.jpg\" alt=\"bia\u0142a os\u0142ona grzejnika\" width=\"822\" height=\"585\" \/><\/p>\n<p>Maskownice grzejnikowe firmy Proform sprawiaj\u0105, \u017ce ma\u0142o ciekawy czy wr\u0119cz brzydki grzejnik staje si\u0119 estetycznym elementem stanowi\u0105cym integraln\u0105 cz\u0119\u015b\u0107 ca\u0142ego pomieszczenia. W b\u0142yskawiczny i prosty spos\u00f3b stary grzejnik schowany za maskownic\u0105 staje si\u0119 nowym, wzorniczym akcentem w Twoim pomieszczeniu.<br \/>\nMaskownice dost\u0119pne\u00a0s\u0105 w dw\u00f3ch grupach wzorniczych: a\u017curowej oraz ramowej, w r\u00f3\u017cnych rozmiarach i kolorach, z\u00a0wyko\u0144czeniem matowym oraz high gloss. Oferujemy r\u00f3wnie\u017c obudowy stoj\u0105ce do maskownic grzejnikowych. Wi\u0119cej szczeg\u00f3\u0142\u00f3w w katalogu maskownic grzejnikowych &#8211; do pobrania <a href=\"https:\/\/www.proform.eu\/files\/PLIKI_PDF\/Proform_MG.pdf\">tutaj<\/a> lub na stronie internetowej producenta &#8211; <a href=\"https:\/\/www.proform.eu\/produkty\/maskownice-grzejnikowe\">Proform<\/a>.<\/p>\n<p>W ofercie jest r\u00f3wnie\u017c seria maskownic grzejnikowych do pokoj\u00f3w dzieci\u0119cych &#8211; do zobaczenia <a href=\"https:\/\/www.proform.eu\/produkty\/maskownice-grzejnikowe-modulokids\">tutaj<\/a>.<\/p>\n<hr \/>\n<p>W celu zam\u00f3wienia maskownic grzejnikowych prosimy o kontakt z dzia\u0142em handlowym &#8211; tel.: 32 730 19 25, mail: dzialhandlowy@komandor.pl.<\/p>\n","protected":false},"excerpt":{"rendered":"<p><img loading=\"lazy\" class=\"alignnone wp-image-6872 size-full\" src=\"https:\/\/hurtownia.komandor.pl\/swietokrzyskie\/wp-content\/uploads\/2018\/07\/Maskownice-Grzejnikowe.jpg\" alt=\"bia\u0142a os\u0142ona grzejnika\" width=\"822\" height=\"585\" \/><\/p>\n<p>Maskownice grzejnikowe firmy Proform sprawiaj\u0105, \u017ce ma\u0142o ciekawy czy wr\u0119cz brzydki grzejnik staje si\u0119 estetycznym elementem stanowi\u0105cym integraln\u0105 cz\u0119\u015b\u0107 ca\u0142ego pomieszczenia. W b\u0142yskawiczny i prosty spos\u00f3b stary grzejnik schowany za maskownic\u0105 staje si\u0119 nowym, wzorniczym akcentem w Twoim pomieszczeniu.<br \/>\nMaskownice dost\u0119pne\u00a0s\u0105 w dw\u00f3ch grupach wzorniczych: a\u017curowej oraz ramowej, w r\u00f3\u017cnych rozmiarach i kolorach, z\u00a0wyko\u0144czeniem matowym oraz high gloss. Oferujemy r\u00f3wnie\u017c obudowy stoj\u0105ce do maskownic grzejnikowych. Wi\u0119cej szczeg\u00f3\u0142\u00f3w w katalogu maskownic grzejnikowych &#8211;<\/p>\n","protected":false},"author":3,"featured_media":0,"parent":0,"menu_order":0,"comment_status":"closed","ping_status":"closed","template":"","meta":[],"_links":{"self":[{"href":"https:\/\/hurtownia.komandor.pl\/swietokrzyskie\/wp-json\/wp\/v2\/pages\/6698"}],"collection":[{"href":"https:\/\/hurtownia.komandor.pl\/swietokrzyskie\/wp-json\/wp\/v2\/pages"}],"about":[{"href":"https:\/\/hurtownia.komandor.pl\/swietokrzyskie\/wp-json\/wp\/v2\/types\/page"}],"author":[{"embeddable":true,"href":"https:\/\/hurtownia.komandor.pl\/swietokrzyskie\/wp-json\/wp\/v2\/users\/3"}],"replies":[{"embeddable":true,"href":"https:\/\/hurtownia.komandor.pl\/swietokrzyskie\/wp-json\/wp\/v2\/comments?post=6698"}],"version-history":[{"count":12,"href":"https:\/\/hurtownia.komandor.pl\/swietokrzyskie\/wp-json\/wp\/v2\/pages\/6698\/revisions"}],"predecessor-version":[{"id":7246,"href":"https:\/\/hurtownia.komandor.pl\/swietokrzyskie\/wp-json\/wp\/v2\/pages\/6698\/revisions\/7246"}],"wp:attachment":[{"href":"https:\/\/hurtownia.komandor.pl\/swietokrzyskie\/wp-json\/wp\/v2\/media?parent=6698"}],"curies":[{"name":"wp","href":"https:\/\/api.w.org\/{rel}","templated":true}]}}