
{"id":6716,"date":"2018-04-03T13:25:41","date_gmt":"2018-04-03T11:25:41","guid":{"rendered":"http:\/\/hurtownia.komandor.slask.pl\/?page_id=6716"},"modified":"2018-09-24T10:55:14","modified_gmt":"2018-09-24T08:55:14","slug":"grafika-na-szkle","status":"publish","type":"page","link":"https:\/\/hurtownia.komandor.pl\/swietokrzyskie\/grafika-na-szkle\/","title":{"rendered":"Grafika na szkle"},"content":{"rendered":"<p><img loading=\"lazy\" class=\"alignnone size-full wp-image-6772\" src=\"https:\/\/hurtownia.komandor.pl\/swietokrzyskie\/wp-content\/uploads\/2018\/04\/Grafika-na-szkle.jpg\" alt=\"\" width=\"800\" height=\"629\" \/><\/p>\n<p>W ofercie <strong>\u015al\u0105skiej Hurtowni Komandor<\/strong> znajd\u0105 Pa\u0144stwo grafik\u0119 na szkle, kt\u00f3ra daje nieograniczone mo\u017cliwo\u015bci aran\u017cacji wn\u0119trz. Grafika wykonywana jest dwoma metodami &#8211; nadruk UV lub przez podklejanie szk\u0142a foli\u0105 z nadrukiem. Maksymalne wymiary jednej tafli z nadrukiem to 1200mm x 3200mm. Istnieje mo\u017cliwo\u015b\u0107 zam\u00f3wienia szk\u0142a hartowanego.<\/p>\n<p>Grafiki mo\u017cna wybiera\u0107 z bazy zdj\u0119\u0107 serwisu <a href=\"https:\/\/pl.fotolia.com\/\">Fotolia<\/a>.<\/p>\n<hr \/>\n<p>W celu zam\u00f3wienia grafiki na szkle prosimy o kontakt z naszym dzia\u0142em handlowym &#8211; tel.: 32 730 19 33, mail: dzialhandlowy@komandor.pl<\/p>\n","protected":false},"excerpt":{"rendered":"<p><img loading=\"lazy\" class=\"alignnone size-full wp-image-6772\" src=\"https:\/\/hurtownia.komandor.pl\/swietokrzyskie\/wp-content\/uploads\/2018\/04\/Grafika-na-szkle.jpg\" alt=\"\" width=\"800\" height=\"629\" \/><\/p>\n<p>W ofercie <strong>\u015al\u0105skiej Hurtowni Komandor<\/strong> znajd\u0105 Pa\u0144stwo grafik\u0119 na szkle, kt\u00f3ra daje nieograniczone mo\u017cliwo\u015bci aran\u017cacji wn\u0119trz. Grafika wykonywana jest dwoma metodami &#8211; nadruk UV lub przez podklejanie szk\u0142a foli\u0105 z nadrukiem. Maksymalne wymiary jednej tafli z nadrukiem to 1200mm x 3200mm. Istnieje mo\u017cliwo\u015b\u0107 zam\u00f3wienia szk\u0142a hartowanego.<\/p>\n<p>Grafiki mo\u017cna wybiera\u0107 z bazy zdj\u0119\u0107 serwisu <a href=\"https:\/\/pl.fotolia.com\/\">Fotolia<\/a>.<\/p>\n<p>W celu zam\u00f3wienia grafiki na szkle prosimy o kontakt z naszym dzia\u0142em handlowym &#8211;<\/p>\n","protected":false},"author":3,"featured_media":0,"parent":0,"menu_order":0,"comment_status":"closed","ping_status":"closed","template":"","meta":[],"_links":{"self":[{"href":"https:\/\/hurtownia.komandor.pl\/swietokrzyskie\/wp-json\/wp\/v2\/pages\/6716"}],"collection":[{"href":"https:\/\/hurtownia.komandor.pl\/swietokrzyskie\/wp-json\/wp\/v2\/pages"}],"about":[{"href":"https:\/\/hurtownia.komandor.pl\/swietokrzyskie\/wp-json\/wp\/v2\/types\/page"}],"author":[{"embeddable":true,"href":"https:\/\/hurtownia.komandor.pl\/swietokrzyskie\/wp-json\/wp\/v2\/users\/3"}],"replies":[{"embeddable":true,"href":"https:\/\/hurtownia.komandor.pl\/swietokrzyskie\/wp-json\/wp\/v2\/comments?post=6716"}],"version-history":[{"count":8,"href":"https:\/\/hurtownia.komandor.pl\/swietokrzyskie\/wp-json\/wp\/v2\/pages\/6716\/revisions"}],"predecessor-version":[{"id":6926,"href":"https:\/\/hurtownia.komandor.pl\/swietokrzyskie\/wp-json\/wp\/v2\/pages\/6716\/revisions\/6926"}],"wp:attachment":[{"href":"https:\/\/hurtownia.komandor.pl\/swietokrzyskie\/wp-json\/wp\/v2\/media?parent=6716"}],"curies":[{"name":"wp","href":"https:\/\/api.w.org\/{rel}","templated":true}]}}