
{"id":4078,"date":"2017-09-20T09:14:47","date_gmt":"2017-09-20T07:14:47","guid":{"rendered":"http:\/\/hurtownia.komandor.slask.pl\/?page_id=4078"},"modified":"2021-04-23T17:02:20","modified_gmt":"2021-04-23T15:02:20","slug":"obrobka-szkla","status":"publish","type":"page","link":"https:\/\/hurtownia.komandor.pl\/warmia\/obrobka-szkla\/","title":{"rendered":"Obr\u00f3bka szk\u0142a"},"content":{"rendered":"<h3>Szlifowanie szk\u0142a<\/h3>\n<p>W trakcie ci\u0119cia powierzchni szklanych istnieje ryzyko pojawiania si\u0119 mikrop\u0119kni\u0119\u0107, kt\u00f3re zwi\u0119ksza prawdopodobie\u0144stwo p\u0119kni\u0119cia ca\u0142ej tafli. Szlifowanie ma na celu zminimalizowanie wyst\u0119powania tego typu uszkodze\u0144 oraz wyr\u00f3wnanie kraw\u0119dzi.<\/p>\n<p>Oferujemy szlifowanie luster, szyb oraz <a href=\"https:\/\/hurtownia.komandor.pl\/warmia\/szklo\/szklo-kolorowe-colorimo\/\">szk\u0142a kolorowego Colorimo<\/a> zakupionych w naszej Hurtowni. Korzystaj\u0105c z oferowanych przez nas us\u0142ug szklarskich takich jak szlifowanie masz gwarancj\u0119, i\u017c Twoja szyba pozostanie ca\u0142e i g\u0142adka.<\/p>\n<h3>Wycinanie otwor\u00f3w<\/h3>\n<p>\u015awiadczymy tak\u017ce us\u0142ugi szklarskie polegaj\u0105ce na wycinaniu otwor\u00f3w pod gniazdka. Dzi\u0119ki stosowaniu wy\u0142\u0105cznie zaawansowanych technologii i du\u017cemu do\u015bwiadczeniu naszych pracownik\u00f3w mamy mo\u017cliwo\u015b\u0107 zagwarantowania najwy\u017cszej precyzji wierce\u0144.<\/p>\n<p>W naszej Hurtowni mo\u017cna r\u00f3wnie\u017c zakupi\u0107 profesjonalne \u015brodki do klejenia szk\u0142a, luster oraz grafiki.<\/p>\n<p>&nbsp;<\/p>\n<p>&nbsp;<\/p>\n","protected":false},"excerpt":{"rendered":"<h3>Szlifowanie szk\u0142a<\/h3>\n<p>W trakcie ci\u0119cia powierzchni szklanych istnieje ryzyko pojawiania si\u0119 mikrop\u0119kni\u0119\u0107, kt\u00f3re zwi\u0119ksza prawdopodobie\u0144stwo p\u0119kni\u0119cia ca\u0142ej tafli. Szlifowanie ma na celu zminimalizowanie wyst\u0119powania tego typu uszkodze\u0144 oraz wyr\u00f3wnanie kraw\u0119dzi.<\/p>\n<p>Oferujemy szlifowanie luster, szyb oraz <a href=\"https:\/\/hurtownia.komandor.pl\/warmia\/szklo\/szklo-kolorowe-colorimo\/\">szk\u0142a kolorowego Colorimo<\/a> zakupionych w naszej Hurtowni. Korzystaj\u0105c z oferowanych przez nas us\u0142ug szklarskich takich jak szlifowanie masz gwarancj\u0119, i\u017c Twoja szyba pozostanie ca\u0142e i g\u0142adka.<\/p>\n<h3>Wycinanie otwor\u00f3w<\/h3>\n<p>\u015awiadczymy tak\u017ce us\u0142ugi szklarskie polegaj\u0105ce na wycinaniu otwor\u00f3w pod gniazdka.<\/p>\n","protected":false},"author":1,"featured_media":0,"parent":0,"menu_order":0,"comment_status":"closed","ping_status":"closed","template":"","meta":[],"_links":{"self":[{"href":"https:\/\/hurtownia.komandor.pl\/warmia\/wp-json\/wp\/v2\/pages\/4078"}],"collection":[{"href":"https:\/\/hurtownia.komandor.pl\/warmia\/wp-json\/wp\/v2\/pages"}],"about":[{"href":"https:\/\/hurtownia.komandor.pl\/warmia\/wp-json\/wp\/v2\/types\/page"}],"author":[{"embeddable":true,"href":"https:\/\/hurtownia.komandor.pl\/warmia\/wp-json\/wp\/v2\/users\/1"}],"replies":[{"embeddable":true,"href":"https:\/\/hurtownia.komandor.pl\/warmia\/wp-json\/wp\/v2\/comments?post=4078"}],"version-history":[{"count":11,"href":"https:\/\/hurtownia.komandor.pl\/warmia\/wp-json\/wp\/v2\/pages\/4078\/revisions"}],"predecessor-version":[{"id":11395,"href":"https:\/\/hurtownia.komandor.pl\/warmia\/wp-json\/wp\/v2\/pages\/4078\/revisions\/11395"}],"wp:attachment":[{"href":"https:\/\/hurtownia.komandor.pl\/warmia\/wp-json\/wp\/v2\/media?parent=4078"}],"curies":[{"name":"wp","href":"https:\/\/api.w.org\/{rel}","templated":true}]}}