
{"id":6696,"date":"2018-04-03T13:04:20","date_gmt":"2018-04-03T11:04:20","guid":{"rendered":"http:\/\/hurtownia.komandor.slask.pl\/?page_id=6696"},"modified":"2018-10-25T15:44:10","modified_gmt":"2018-10-25T13:44:10","slug":"fronty-firmy-proform","status":"publish","type":"page","link":"https:\/\/hurtownia.komandor.pl\/zachodniopomorskie\/fronty-firmy-proform\/","title":{"rendered":"Panele dekoracyjne i fronty firmy Proform"},"content":{"rendered":"<p><img loading=\"lazy\" class=\"aligncenter wp-image-6878 size-full\" src=\"https:\/\/hurtownia.komandor.pl\/zachodniopomorskie\/wp-content\/uploads\/2018\/07\/Fronty-Proform.jpg\" alt=\"bia\u0142y panel dekoracyjny\" width=\"822\" height=\"585\" \/><\/p>\n<p>Firma Proform jest wiod\u0105cym polskim producentem front\u00f3w foliowanych i paneli dekoracyjnych Moduloform. Fronty i panele produkowane s\u0105 na bazie p\u0142yty MDF, kt\u00f3ra poddawana jest procesowi frezowania, a nast\u0119pnie oklejana foli\u0105, oklein\u0105 naturaln\u0105 lub te\u017c lakierowana. Dost\u0119pne grubo\u015bci p\u0142yty MDF: 10mm, 12mm, 18mm, 22mm.<\/p>\n<p>&nbsp;<\/p>\n<h3>W ofercie firmy Proform znajd\u0105 Pa\u0144stwo:<\/h3>\n<p>&nbsp;<\/p>\n<h4 style=\"text-align: left;\">Panele Moduloform<\/h4>\n<p><a href=\"https:\/\/www.proform.eu\/produkty\/panele-moduloform\"><img loading=\"lazy\" class=\"alignnone wp-image-6881 size-full\" src=\"https:\/\/hurtownia.komandor.pl\/zachodniopomorskie\/wp-content\/uploads\/2018\/07\/Moduloform.jpg\" alt=\"Panele Moduloform w szafie\" width=\"822\" height=\"585\" \/><\/a><\/p>\n<p>Moduloform to szeroka gama mo\u017cliwo\u015bci i pe\u0142na swoboda wzorniczej kreacji pojedynczych element\u00f3w czy ca\u0142ych przestrzeni. Panele firmy Proform to z jednej strony niezliczona liczba gotowych pomys\u0142\u00f3w zastosowa\u0144, z drugiej strony, tworzywo dla wszystkich kreatywnych, ch\u0119tnie \u0142ami\u0105cych istniej\u0105ce schematy czy wr\u0119cz przekraczaj\u0105cych granice wyobra\u017ani. Dost\u0119pne wyko\u0144czenia: folia, lakier, fornir.<\/p>\n<p style=\"text-align: left;\">Panele Moduloform obejmuj\u0105:<\/p>\n<ul style=\"text-align: left;\">\n<li><a href=\"https:\/\/www.proform.eu\/produkty\/panele-pd\">Panele dekoracyjne PD<\/a><\/li>\n<li><a href=\"https:\/\/www.proform.eu\/produkty\/azurowe-pda\">Panele a\u017curowe PDA<\/a><\/li>\n<li><a href=\"https:\/\/www.proform.eu\/produkty\/panele-pdaf\">Panele dekoracyjne PDAF<\/a><\/li>\n<li><a href=\"https:\/\/www.proform.eu\/produkty\/panele-xla\">Panele XLA<\/a><\/li>\n<\/ul>\n<p>&nbsp;<\/p>\n<p>&nbsp;<\/p>\n<h4>Fronty meblowe<\/h4>\n<p><a href=\"https:\/\/www.proform.eu\/produkty\/fronty-meblowe-kolekcje\"><img loading=\"lazy\" class=\"alignnone wp-image-6888 size-full\" src=\"https:\/\/hurtownia.komandor.pl\/zachodniopomorskie\/wp-content\/uploads\/2018\/07\/Fronty-Proform-2.jpg\" alt=\"Bia\u0142e fronty meblowe\" width=\"822\" height=\"585\" \/><\/a><\/p>\n<p>Fronty meblowe s\u0105 najbardziej reprezentacyjn\u0105 cz\u0119\u015bci\u0105 mebla nadaj\u0105c\u0105 mu wyraz i charakter, co w efekcie ko\u0144cowym buduje oczekiwany przez nas klimat ca\u0142ego pomieszczenia, dlatego jego wyb\u00f3r powinien by\u0107 wyj\u0105tkowo dobrze przemy\u015blany.<br \/>\nOferta front\u00f3w firmy Proform dost\u0119pna jest w wersji z wyko\u0144czeniem w folii PCV, akrylowym, lakierowanym, fornirowanym lub fantazyjnym. Z szerokiego spektrum materia\u0142\u00f3w, wzor\u00f3w czy kolor\u00f3w ka\u017cdy z \u0142atwo\u015bci\u0105 znajdzie co\u015b dla siebie. Poszukuj\u0105cym czego\u015b wyj\u0105tkowego dana jest mo\u017cliwo\u015b\u0107 kreacji swoich niepowtarzalnych, unikatowych front\u00f3w.<\/p>\n<p>W\u015br\u00f3d front\u00f3w meblowych firmy Proform wyr\u00f3\u017cnia si\u0119:<\/p>\n<ul>\n<li><a href=\"https:\/\/www.proform.eu\/produkty\/fronty-kolekcja-w\">Fronty kolekcja W<\/a><\/li>\n<li><a href=\"https:\/\/www.proform.eu\/produkty\/fronty-typ-ual-u\">Fronty Typ, UAL, U<\/a><\/li>\n<li><a href=\"https:\/\/www.proform.eu\/produkty\/fronty-premium\">Fronty premium<\/a><\/li>\n<\/ul>\n<p>&nbsp;<\/p>\n<p>&nbsp;<\/p>\n<h4>Modulokids<\/h4>\n<p><a href=\"https:\/\/www.proform.eu\/produkty\/modulokids\"><img loading=\"lazy\" class=\"alignnone wp-image-6892 size-full\" src=\"https:\/\/hurtownia.komandor.pl\/zachodniopomorskie\/wp-content\/uploads\/2018\/07\/ModuloKids.jpg\" alt=\"Fronty Modulokids\" width=\"822\" height=\"585\" \/><\/a><\/p>\n<p>Modulokids to najnowsza kolekcja element\u00f3w dekoracyjnych do mebli i pokoju dla dzieci. Oferta obejmuje panele dekoracyjne i a\u017curowe na wymiar oraz elementy gotowe takie jak: wezg\u0142owia \u0142\u00f3\u017ckowe, tablice i dodatki w formie chmurek do zawieszania na \u015bcianie. Elementy mog\u0105 by\u0107 wyko\u0144czone foli\u0105 lub lakierem, niekt\u00f3re z nich tak\u017ce lakierem magnetycznyn.<\/p>\n<p>W tej grupie produkt\u00f3w firma Proform oferuje:<\/p>\n<ul>\n<li><a href=\"https:\/\/www.proform.eu\/produkty\/panele-modulokids\">Panele ModuloKids<\/a><\/li>\n<li><a href=\"https:\/\/www.proform.eu\/produkty\/tablice-modulokids\">Tablice ModuloKids<\/a><\/li>\n<li><a href=\"https:\/\/www.proform.eu\/produkty\/dekoracyjne-modulokids\">Dekoracyjne ModuloKids<\/a><\/li>\n<\/ul>\n<hr \/>\n<p>W celu za\u0142o\u017cenia zam\u00f3wienia prosimy o kontakt z naszym dzia\u0142em handlowym &#8211; tel.: 32 730 19 25, mail: dzialhandlowy@komandor.pl.<\/p>\n","protected":false},"excerpt":{"rendered":"<p><img loading=\"lazy\" class=\"aligncenter wp-image-6878 size-full\" src=\"https:\/\/hurtownia.komandor.pl\/zachodniopomorskie\/wp-content\/uploads\/2018\/07\/Fronty-Proform.jpg\" alt=\"bia\u0142y panel dekoracyjny\" width=\"822\" height=\"585\" \/><\/p>\n<p>Firma Proform jest wiod\u0105cym polskim producentem front\u00f3w foliowanych i paneli dekoracyjnych Moduloform. Fronty i panele produkowane s\u0105 na bazie p\u0142yty MDF, kt\u00f3ra poddawana jest procesowi frezowania, a nast\u0119pnie oklejana foli\u0105, oklein\u0105 naturaln\u0105 lub te\u017c lakierowana. Dost\u0119pne grubo\u015bci p\u0142yty MDF: 10mm, 12mm, 18mm, 22mm.<\/p>\n<p>&nbsp;<\/p>\n<h3>W ofercie firmy Proform znajd\u0105 Pa\u0144stwo:<\/h3>\n<p>&nbsp;<\/p>\n<h4 style=\"text-align: left;\">Panele Moduloform<\/h4>\n<p><a href=\"https:\/\/www.proform.eu\/produkty\/panele-moduloform\"><img loading=\"lazy\" class=\"alignnone wp-image-6881 size-full\" src=\"https:\/\/hurtownia.komandor.pl\/zachodniopomorskie\/wp-content\/uploads\/2018\/07\/Moduloform.jpg\" alt=\"Panele Moduloform w szafie\" width=\"822\" height=\"585\" \/><\/a><\/p>\n<p>Moduloform to szeroka gama mo\u017cliwo\u015bci i pe\u0142na swoboda wzorniczej kreacji pojedynczych element\u00f3w czy ca\u0142ych przestrzeni.<\/p>\n","protected":false},"author":201,"featured_media":0,"parent":0,"menu_order":0,"comment_status":"closed","ping_status":"closed","template":"","meta":[],"_links":{"self":[{"href":"https:\/\/hurtownia.komandor.pl\/zachodniopomorskie\/wp-json\/wp\/v2\/pages\/6696"}],"collection":[{"href":"https:\/\/hurtownia.komandor.pl\/zachodniopomorskie\/wp-json\/wp\/v2\/pages"}],"about":[{"href":"https:\/\/hurtownia.komandor.pl\/zachodniopomorskie\/wp-json\/wp\/v2\/types\/page"}],"author":[{"embeddable":true,"href":"https:\/\/hurtownia.komandor.pl\/zachodniopomorskie\/wp-json\/wp\/v2\/users\/201"}],"replies":[{"embeddable":true,"href":"https:\/\/hurtownia.komandor.pl\/zachodniopomorskie\/wp-json\/wp\/v2\/comments?post=6696"}],"version-history":[{"count":23,"href":"https:\/\/hurtownia.komandor.pl\/zachodniopomorskie\/wp-json\/wp\/v2\/pages\/6696\/revisions"}],"predecessor-version":[{"id":7244,"href":"https:\/\/hurtownia.komandor.pl\/zachodniopomorskie\/wp-json\/wp\/v2\/pages\/6696\/revisions\/7244"}],"wp:attachment":[{"href":"https:\/\/hurtownia.komandor.pl\/zachodniopomorskie\/wp-json\/wp\/v2\/media?parent=6696"}],"curies":[{"name":"wp","href":"https:\/\/api.w.org\/{rel}","templated":true}]}}